{"id":10223,"date":"2025-07-31T09:43:26","date_gmt":"2025-07-31T08:43:26","guid":{"rendered":"https:\/\/donodare.com\/index.php\/politica-de-cookies\/"},"modified":"2026-02-03T09:37:01","modified_gmt":"2026-02-03T08:37:01","slug":"politica-de-cookies","status":"publish","type":"page","link":"https:\/\/donodare.com\/fr\/index.php\/politica-de-cookies\/","title":{"rendered":"Politique de cookies"},"content":{"rendered":"\t\t<div data-elementor-type=\"wp-page\" data-elementor-id=\"10223\" class=\"elementor elementor-10223 elementor-7634\" data-elementor-post-type=\"page\">\n\t\t\t\t\t\t<section data-particle_enable=\"false\" data-particle-mobile-disabled=\"false\" class=\"elementor-section elementor-top-section elementor-element elementor-element-66782aa elementor-section-content-middle home-trending elementor-section-boxed elementor-section-height-default elementor-section-height-default\" data-id=\"66782aa\" data-element_type=\"section\" data-e-type=\"section\" data-settings=\"{&quot;background_background&quot;:&quot;classic&quot;}\">\r\n\t\t\r\n\t\t\t\t\t\t\t<div class=\"elementor-container elementor-column-gap-default\">\r\n\t\t\t\t\t\t\t\t\t\t\t<div class=\"elementor-column elementor-col-100 elementor-top-column elementor-element elementor-element-3b7ef08\" data-id=\"3b7ef08\" data-element_type=\"column\" data-e-type=\"column\">\r\n\t\t\t\t\t<div class=\"elementor-widget-wrap elementor-element-populated\">\r\n\t\t\t\t\t\t\t\t<div class=\"elementor-element elementor-element-ca54495 elementor-widget elementor-widget-porto_ultimate_heading\" data-id=\"ca54495\" data-element_type=\"widget\" data-e-type=\"widget\" data-widget_type=\"porto_ultimate_heading.default\">\n\t\t\t\t<div class=\"elementor-widget-container\">\n\t\t\t\t\t<div class=\"porto-u-heading  porto-u-bd11424de395366805213f3c847c9ae4\"><div class=\"porto-u-main-heading\"><h2   >Politique en mati\u00e8re de cookies<\/h2><\/div><style>.porto-u-bd11424de395366805213f3c847c9ae4.porto-u-heading{text-align:center}<\/style><\/div>\t\t\t\t<\/div>\n\t\t\t\t<\/div>\n\t\t\t\t\t<\/div>\r\n\t\t\t\t<\/div>\r\n\t\t\t\t\t<\/div>\r\n\t\t\t\t<\/section>\r\n\t\t\t\t<section data-particle_enable=\"false\" data-particle-mobile-disabled=\"false\" class=\"elementor-section elementor-top-section elementor-element elementor-element-421b05b elementor-section-content-middle home-trending elementor-section-boxed elementor-section-height-default elementor-section-height-default\" data-id=\"421b05b\" data-element_type=\"section\" data-e-type=\"section\" data-settings=\"{&quot;background_background&quot;:&quot;classic&quot;}\">\r\n\t\t\r\n\t\t\t\t\t\t\t<div class=\"elementor-container elementor-column-gap-default\">\r\n\t\t\t\t\t\t\t\t\t\t\t<div class=\"elementor-column elementor-col-100 elementor-top-column elementor-element elementor-element-13f2ece z-index-2 elementor-invisible\" data-id=\"13f2ece\" data-element_type=\"column\" data-e-type=\"column\" data-settings=\"{&quot;animation&quot;:&quot;fadeIn&quot;,&quot;animation_delay&quot;:1200}\">\r\n\t\t\t\t\t<div class=\"elementor-widget-wrap elementor-element-populated\">\r\n\t\t\t\t\t\t\t\t<div class=\"elementor-element elementor-element-c9231e0 elementor-widget elementor-widget-text-editor\" data-id=\"c9231e0\" data-element_type=\"widget\" data-e-type=\"widget\" data-widget_type=\"text-editor.default\">\n\t\t\t\t<div class=\"elementor-widget-container\">\n\t\t\t\t\t\t\t\t\t<p><strong>COOKIES<\/strong><\/p><p>Qu\u2019est-ce qu\u2019un cookie ? Un cookie est un fichier qui se t\u00e9l\u00e9charge sur votre ordinateur lors de l\u2019acc\u00e8s \u00e0 certaines pages web. Les cookies permettent \u00e0 une page web, entre autres, de stocker et de r\u00e9cup\u00e9rer des informations sur les habitudes de navigation d\u2019un utilisateur ou de son appareil et, selon les informations qu\u2019ils contiennent et la mani\u00e8re dont votre appareil est utilis\u00e9, peuvent servir \u00e0 reconna\u00eetre l\u2019utilisateur.  <\/p><p> <\/p><p><strong>TYPES DE COOKIES :<\/strong><\/p><p><strong>Selon l&rsquo;entit\u00e9 qui les g\u00e8re :<\/strong><\/p><ul><li><u>Cookies propres <\/u>: ce sont ceux envoy\u00e9s \u00e0 l\u2019appareil terminal de l\u2019utilisateur depuis un appareil ou un domaine g\u00e9r\u00e9 par l\u2019\u00e9diteur lui-m\u00eame et \u00e0 partir duquel le service demand\u00e9 par l\u2019utilisateur est fourni.<\/li><li>Cookies de tiers : ce sont ceux envoy\u00e9s \u00e0 l\u2019appareil terminal de l\u2019utilisateur depuis un appareil ou un domaine non g\u00e9r\u00e9 par l\u2019\u00e9diteur, mais par une autre entit\u00e9 qui traite les donn\u00e9es obtenues via les cookies, ou des cookies install\u00e9s depuis un appareil ou domaine g\u00e9r\u00e9 par l\u2019\u00e9diteur mais dont les informations collect\u00e9es sont g\u00e9r\u00e9es par un tiers. Dans ce cas, il s\u2019agit souvent de cookies de r\u00e9seaux sociaux externes, utilis\u00e9s pour permettre aux visiteurs d\u2019interagir avec le contenu de diff\u00e9rentes plateformes sociales (Facebook, YouTube, Twitter, LinkedIn, etc.) et g\u00e9n\u00e9r\u00e9s uniquement pour les utilisateurs de ces r\u00e9seaux. Les conditions d\u2019utilisation de ces cookies et les informations collect\u00e9es sont r\u00e9gies par la politique de confidentialit\u00e9 de la plateforme sociale correspondante.  <\/li><\/ul><p> <\/p><p><strong>Selon la dur\u00e9e d&rsquo;activit\u00e9 :<\/strong><\/p><ul><li><u>Cookies permanents :<\/u> ils sont stock\u00e9s sur le disque dur et notre site Web les lit \u00e0 chaque fois que vous effectuez une nouvelle visite. Un cookie permanent a une date d&rsquo;expiration d\u00e9termin\u00e9e et cessera de fonctionner apr\u00e8s cette date.  <\/li><li><u>Cookies de session : <\/u>ce sont des cookies temporaires qui restent dans le fichier de cookies de votre navigateur jusqu\u2019\u00e0 ce que vous quittiez le site web, et aucun cookie n\u2019est enregistr\u00e9 sur le disque dur de l\u2019utilisateur.<br>Les informations obtenues via ces cookies servent \u00e0 analyser les flux de trafic sur le site. \u00c0 long terme, cela nous permet de proposer une meilleure exp\u00e9rience et d\u2019am\u00e9liorer le contenu pour faciliter son utilisation.  <\/li><\/ul><p> <\/p><p><strong>Selon leur finalit\u00e9 :<\/strong><\/p><ul><li><u>Cookies techniques :<\/u> ce sont ceux qui permettent \u00e0 l&rsquo;utilisateur de naviguer sur un site web, une plateforme ou une application et d\u2019utiliser les diff\u00e9rentes options ou services disponibles, tels que : contr\u00f4ler le trafic et la communication des donn\u00e9es, identifier la session, acc\u00e9der \u00e0 des zones \u00e0 acc\u00e8s restreint, se souvenir des \u00e9l\u00e9ments d&rsquo;une commande, effectuer le processus d&rsquo;achat, s&rsquo;inscrire ou participer \u00e0 un \u00e9v\u00e9nement, utiliser des \u00e9l\u00e9ments de s\u00e9curit\u00e9 pendant la navigation, stocker des contenus pour la diffusion de vid\u00e9os ou de sons, partager du contenu via les r\u00e9seaux sociaux.<\/li><li><u>Cookies d&rsquo;analyse : <\/u>ce sont ceux qui permettent \u00e0 leur responsable de suivre et d&rsquo;analyser le comportement des utilisateurs des sites web auxquels ils sont li\u00e9s. Les informations collect\u00e9es \u00e0 l&rsquo;aide de ce type de cookies sont utilis\u00e9es pour mesurer l&rsquo;activit\u00e9 des sites web, des applications ou des plateformes et pour \u00e9tablir des profils de navigation des utilisateurs de ces sites, applications et plateformes, afin d&rsquo;apporter des am\u00e9liorations en fonction de l&rsquo;analyse des donn\u00e9es d&rsquo;utilisation des utilisateurs du service. <\/li><li><u>Cookies de personnalisation : <\/u>ce sont ceux qui permettent \u00e0 l&rsquo;utilisateur d&rsquo;acc\u00e9der au service avec certaines caract\u00e9ristiques g\u00e9n\u00e9rales pr\u00e9d\u00e9finies en fonction d&rsquo;une s\u00e9rie de crit\u00e8res sur le terminal de l&rsquo;utilisateur, tels que la langue, le type de navigateur utilis\u00e9 pour acc\u00e9der au service, la configuration r\u00e9gionale \u00e0 partir de laquelle il acc\u00e8de au service, etc.<\/li><li><u>Cookies publicitaires : <\/u>ce sont ceux qui permettent la gestion, de la mani\u00e8re la plus efficace possible, des espaces publicitaires que l&rsquo;\u00e9diteur a inclus, le cas \u00e9ch\u00e9ant, dans une page web, une application ou une plateforme \u00e0 partir de laquelle il fournit le service demand\u00e9, sur la base de crit\u00e8res tels que le contenu \u00e9dit\u00e9 ou la fr\u00e9quence d&rsquo;affichage des annonces.<\/li><li><u>Cookies publicitaires comportementale : c<\/u>es cookies permettent \u00e9galement de g\u00e9rer efficacement les espaces publicitaires, mais en se basant sur le comportement des utilisateurs.<br>Ils stockent des informations obtenues par l\u2019observation continue des habitudes de navigation, permettant de d\u00e9velopper un profil sp\u00e9cifique pour afficher des publicit\u00e9s cibl\u00e9es. <\/li><\/ul><p> <\/p><p><strong>Liste des cookies utilis\u00e9s sur le site web :<\/strong><\/p><table width=\"588\"><tbody><tr><td width=\"162\"><strong>Pr\u00e9nom<\/strong><\/td><td width=\"350\"><strong>Finalit\u00e9<\/strong><\/td><td width=\"100\"><strong>Dur\u00e9e<\/strong><\/td><td width=\"162\"><strong>Typo<\/strong><\/td><\/tr><tr><td>wordpress_logged_in_*<\/td><td>Identifie l&rsquo;utilisateur connect\u00e9 apr\u00e8s la connexion<\/td><td>Session<\/td><td>Technique<\/td><\/tr><tr><td>wordpress_sec_*<\/td><td>Mesure de s\u00e9curit\u00e9 pour la session utilisateur<\/td><td>Session<\/td><td>Technique<\/td><\/tr><tr><td>wp-settings-*<\/td><td>Personnalise l&rsquo;affichage de l&rsquo;administration ou du site<\/td><td>1 an<\/td><td>Technique<\/td><\/tr><tr><td>wp-settings-time-*<\/td><td>Enregistre le moment de la configuration de l&rsquo;utilisateur<\/td><td>1 an<\/td><td>Technique<\/td><\/tr><tr><td>cookie_notice_accepted <\/td><td>Stocke l&rsquo;acceptation de l&rsquo;utilisation des cookies<\/td><td>1 mois<\/td><td>Technique<\/td><\/tr><tr><td>_ga<\/td><td>Distingue les utilisateurs pour \u00e9tablir des statistiques<\/td><td>2 ans<\/td><td>Analytique<\/td><\/tr><tr><td>_ga_*<\/td><td>Conserve l&rsquo;\u00e9tat de la session de l&rsquo;utilisateur<\/td><td>1 an<\/td><td>Analytuque<\/td><\/tr><tr><td>_gid<\/td><td>Distingue les utilisateurs pendant 24 heures \u00e0 des fins statistiques<\/td><td>24 heures<\/td><td>Analytique<\/td><\/tr><tr><td>_gat<\/td><td>Limite le pourcentage de requ\u00e8tes pour am\u00e9liorer les performances<\/td> <td>1 minute <\/td><td>Analyse<\/td><\/tr><\/tbody><\/table><p><strong> <\/strong><\/p><p><strong> <\/strong><\/p><p><strong>MODIFIER LES PARAM\u00c8TRES DES COOKIES &#8211; D\u00c9SACTIVER ET BLOQUER<\/strong><\/p><p>Informations sur la mani\u00e8re de d\u00e9sactiver ou de supprimer les cookies mentionn\u00e9s via les fonctionnalit\u00e9s fournies par l&rsquo;\u00e9diteur, les outils fournis par le navigateur ou le terminal ou via les plateformes communes qui pourraient exister \u00e0 cette fin, ainsi que la mani\u00e8re de r\u00e9voquer le consentement d\u00e9j\u00e0 donn\u00e9.<\/p><p> <\/p><p><strong>MODIFIER LES PARAM\u00c8TRES DES COOKIES &#8211; D\u00c9SACTIVER ET BLOQUER<\/strong><\/p><p><strong>D\u00e9sactiver les cookies dans les navigateurs<\/strong><\/p><p>Chrome, depuis:<br><a href=\"http:\/\/support.google.com\/chrome\/bin\/answer.py?hl=es&amp;answer=95647\">http:\/\/support.google.com\/chrome\/bin\/answer.py?hl=es&amp;answer=95647<\/a><\/p><p>Explorer, depuis:<br><a href=\"http:\/\/windows.microsoft.com\/es-es\/internet-explorer\/delete-manage-cookies#ie=ie-11\">http:\/\/windows.microsoft.com\/es-es\/internet-explorer\/delete-manage-cookies#ie=ie-11<\/a><\/p><p>Firefox, depuis:<br><a href=\"http:\/\/support.mozilla.org\/es\/kb\/habilitar-y-deshabilitar-cookies-que-los-sitios-we\">http:\/\/support.mozilla.org\/es\/kb\/habilitar-y-deshabilitar-cookies-que-los-sitios-we<\/a><\/p><p>Safari, depuis:<br><a href=\"http:\/\/support.apple.com\/kb\/ph5042\">http:\/\/support.apple.com\/kb\/ph5042<\/a><\/p><p> <\/p><p> <\/p><p><strong><u> <\/u><\/strong><\/p><p><strong><u> <\/u><\/strong><\/p>\t\t\t\t\t\t\t\t<\/div>\n\t\t\t\t<\/div>\n\t\t\t\t\t<\/div>\r\n\t\t\t\t<\/div>\r\n\t\t\t\t\t<\/div>\r\n\t\t\t\t<\/section>\r\n\t\t\t\t<\/div>\n\t\t","protected":false},"excerpt":{"rendered":"<p>Politique en mati\u00e8re de cookies COOKIES Qu\u2019est-ce qu\u2019un cookie ? Un cookie est un fichier qui se t\u00e9l\u00e9charge sur votre ordinateur lors de l\u2019acc\u00e8s \u00e0 certaines pages web. Les cookies permettent \u00e0 une page web, entre autres, de stocker et de r\u00e9cup\u00e9rer des informations sur les habitudes de navigation d\u2019un utilisateur ou de son appareil [&hellip;]<\/p>\n","protected":false},"author":2,"featured_media":0,"parent":0,"menu_order":0,"comment_status":"open","ping_status":"closed","template":"elementor_header_footer","meta":{"footnotes":""},"class_list":["post-10223","page","type-page","status-publish","hentry"],"_links":{"self":[{"href":"https:\/\/donodare.com\/fr\/index.php\/wp-json\/wp\/v2\/pages\/10223","targetHints":{"allow":["GET"]}}],"collection":[{"href":"https:\/\/donodare.com\/fr\/index.php\/wp-json\/wp\/v2\/pages"}],"about":[{"href":"https:\/\/donodare.com\/fr\/index.php\/wp-json\/wp\/v2\/types\/page"}],"author":[{"embeddable":true,"href":"https:\/\/donodare.com\/fr\/index.php\/wp-json\/wp\/v2\/users\/2"}],"replies":[{"embeddable":true,"href":"https:\/\/donodare.com\/fr\/index.php\/wp-json\/wp\/v2\/comments?post=10223"}],"version-history":[{"count":9,"href":"https:\/\/donodare.com\/fr\/index.php\/wp-json\/wp\/v2\/pages\/10223\/revisions"}],"predecessor-version":[{"id":10292,"href":"https:\/\/donodare.com\/fr\/index.php\/wp-json\/wp\/v2\/pages\/10223\/revisions\/10292"}],"wp:attachment":[{"href":"https:\/\/donodare.com\/fr\/index.php\/wp-json\/wp\/v2\/media?parent=10223"}],"curies":[{"name":"wp","href":"https:\/\/api.w.org\/{rel}","templated":true}]}}