{"id":10229,"date":"2025-07-31T08:35:47","date_gmt":"2025-07-31T07:35:47","guid":{"rendered":"https:\/\/donodare.com\/index.php\/politique-qualite-et-environnement\/"},"modified":"2026-02-03T08:37:09","modified_gmt":"2026-02-03T07:37:09","slug":"politique-qualite-et-environnement","status":"publish","type":"page","link":"https:\/\/donodare.com\/fr\/index.php\/politique-qualite-et-environnement\/","title":{"rendered":"Politique Qualit\u00e9 et Environnement"},"content":{"rendered":"\t\t<div data-elementor-type=\"wp-page\" data-elementor-id=\"10229\" class=\"elementor elementor-10229 elementor-7624\" data-elementor-post-type=\"page\">\n\t\t\t\t\t\t<section data-particle_enable=\"false\" data-particle-mobile-disabled=\"false\" class=\"elementor-section elementor-top-section elementor-element elementor-element-66782aa elementor-section-content-middle home-trending elementor-section-boxed elementor-section-height-default elementor-section-height-default\" data-id=\"66782aa\" data-element_type=\"section\" data-e-type=\"section\" data-settings=\"{&quot;background_background&quot;:&quot;classic&quot;}\">\r\n\t\t\r\n\t\t\t\t\t\t\t<div class=\"elementor-container elementor-column-gap-default\">\r\n\t\t\t\t\t\t\t\t\t\t\t<div class=\"elementor-column elementor-col-100 elementor-top-column elementor-element elementor-element-3b7ef08\" data-id=\"3b7ef08\" data-element_type=\"column\" data-e-type=\"column\">\r\n\t\t\t\t\t<div class=\"elementor-widget-wrap elementor-element-populated\">\r\n\t\t\t\t\t\t\t\t<div class=\"elementor-element elementor-element-ca54495 elementor-widget elementor-widget-porto_ultimate_heading\" data-id=\"ca54495\" data-element_type=\"widget\" data-e-type=\"widget\" data-widget_type=\"porto_ultimate_heading.default\">\n\t\t\t\t<div class=\"elementor-widget-container\">\n\t\t\t\t\t<div class=\"porto-u-heading  porto-u-bd11424de395366805213f3c847c9ae4\"><div class=\"porto-u-main-heading\"><h2   >Politique de gestion int\u00e9gr\u00e9e<br>Qualit\u00e9 et Environnement<\/h2><\/div><style>.porto-u-bd11424de395366805213f3c847c9ae4.porto-u-heading{text-align:center}<\/style><\/div>\t\t\t\t<\/div>\n\t\t\t\t<\/div>\n\t\t\t\t\t<\/div>\r\n\t\t\t\t<\/div>\r\n\t\t\t\t\t<\/div>\r\n\t\t\t\t<\/section>\r\n\t\t\t\t<section data-particle_enable=\"false\" data-particle-mobile-disabled=\"false\" class=\"elementor-section elementor-top-section elementor-element elementor-element-421b05b elementor-section-content-middle home-trending elementor-section-boxed elementor-section-height-default elementor-section-height-default\" data-id=\"421b05b\" data-element_type=\"section\" data-e-type=\"section\" data-settings=\"{&quot;background_background&quot;:&quot;classic&quot;}\">\r\n\t\t\r\n\t\t\t\t\t\t\t<div class=\"elementor-container elementor-column-gap-default\">\r\n\t\t\t\t\t\t\t\t\t\t\t<div class=\"elementor-column elementor-col-100 elementor-top-column elementor-element elementor-element-e161289\" data-id=\"e161289\" data-element_type=\"column\" data-e-type=\"column\">\r\n\t\t\t\t\t<div class=\"elementor-widget-wrap elementor-element-populated\">\r\n\t\t\t\t\t\t\t\t<div class=\"elementor-element elementor-element-6d3ec36 elementor-widget elementor-widget-text-editor\" data-id=\"6d3ec36\" data-element_type=\"widget\" data-e-type=\"widget\" data-widget_type=\"text-editor.default\">\n\t\t\t\t<div class=\"elementor-widget-container\">\n\t\t\t\t\t\t\t\t\t<p style=\"margin-bottom: 30px; line-height: 1.4; font-size: 10pt; color: #555555; font-family: Lato, sans-serif; font-weight: 400; letter-spacing: normal;\">VENTA DE SOPORTES PUBLICITARIOS (DONO DARE\u00ae) concentre son activit\u00e9 professionnelle sur la commercialisation de produits promotionnels dans tous les secteurs.<br>VENTA DE SOPORTES PUBLICITARIOS (DONO DARE\u00ae) consid\u00e8re et d\u00e9clare comme objectifs g\u00e9n\u00e9raux de sa gestion les suivants :<br>\u2022 Obtenir la pleine satisfaction de ses clients en respectant les exigences contractuelles g\u00e9n\u00e9rales et leurs besoins sp\u00e9cifiques dans le domaine promotionnel.<br>\u2022 Se conformer \u00e0 la r\u00e9glementation l\u00e9gale applicable \u00e0 toutes les activit\u00e9s de l&rsquo;entreprise et agir toujours selon des crit\u00e8res \u00e9thiques, y compris le respect de la l\u00e9gislation en vigueur et d&rsquo;autres exigences que l&rsquo;organisation pourrait souscrire, li\u00e9es aux aspects environnementaux identifi\u00e9s.<br>\u2022 Obtenir la motivation maximale en mati\u00e8re de Qualit\u00e9 et d&rsquo;Environnement aupr\u00e8s de tout son personnel. De m\u00eame, travailler activement \u00e0 la sensibilisation et \u00e0 la formation environnementale de son personne. <br>\u2022 Planifier et ex\u00e9cuter tous nos services en respectant l&rsquo;environnement et en pr\u00e9venant la pollution.<br>\u2022 Am\u00e9lioration des infrastructures afin de disposer de ressources mat\u00e9rielles et d\u2019installations modernes, favorisant la qualit\u00e9 de la prestation de service et la pr\u00e9vention de la pollution.<br>\u2022 Extension des processus de production pour am\u00e9liorer le service rendu \u00e0 nos clients.<br>\u2022 Am\u00e9liorer l\u2019information environnementale de nos produits communiqu\u00e9e \u00e0 nos clients, afin de faire conna\u00eetre les impacts g\u00e9n\u00e9r\u00e9s sur l\u2019environnement.<br>\u2022 Am\u00e9liorer l\u2019information disponible aupr\u00e8s de nos partenaires pour influencer positivement la pr\u00e9vention de la pollution.<br>\u2022 Influencer positivement le comportement environnemental de nos fournisseurs et sous-traitants.<br>\u2022 Am\u00e9liorer l&rsquo;information environnementale \u00e0 destination des parties prenantes externes sur l&rsquo;impact de nos produits.<br>\u2022 Minimiser l&rsquo;impact des aspects environnementaux significatifs g\u00e9n\u00e9r\u00e9s par l&rsquo;organisation.<br><br>Pour atteindre ces objectifs, la politique de VENTA DE SOPORTES PUBLICITARIOS (DONO DARE\u00ae) est de diriger et de stimuler la mise en \u0153uvre des actions suivantes :<br>\u2022 \u00c9tablir un syst\u00e8me int\u00e9gr\u00e9 de qualit\u00e9 et d&rsquo;environnement efficace et performant, planifi\u00e9 et d\u00e9velopp\u00e9 en collaboration avec les autres fonctions de la direction.<br>\u2022 D\u00e9finir des syst\u00e8mes de v\u00e9rification continue, bas\u00e9s sur les r\u00e9sultats et les preuves objectives, qui permettent de d\u00e9terminer l&rsquo;ad\u00e9quation des services fournis aux exigences et aux engagements \u00e9tablis.<br>\u2022 Travailler \u00e0 l&rsquo;am\u00e9lioration continue des processus \u00e9tablis dans l&rsquo;organisation et des op\u00e9rations de travail d\u00e9finies.<br>\u2022 Maintenir des syst\u00e8mes pour mesurer la satisfaction des clients et des utilisateurs.<br>\u2022 G\u00e9rer les aspects environnementaux de l&rsquo;entreprise, en assurant le suivi de ceux qui affectent directement les services mis en place.<br><br>La Direction des Venta de Soportes Publicitarios (DONO DARE\u00ae) adopte cette Politique Qualit\u00e9 et Environnement et ses objectifs g\u00e9n\u00e9raux comme cadre de r\u00e9f\u00e9rence pour l&rsquo;\u00e9tablissement d&rsquo;objectifs sp\u00e9cifiques qui se d\u00e9ploient \u00e0 travers l&rsquo;organisation et ses processus, s&rsquo;engageant \u00e9galement \u00e0 fournir les ressources n\u00e9cessaires pour leur d\u00e9veloppement.<br><br>Le syst\u00e8me de Qualit\u00e9 et Environnement de VENTE DE SUPPORTS PUBLICITAIRES (DONO DARE\u00ae) est bas\u00e9 sur les exigences des normes UNE\u2013EN-ISO- 9001: 2015 et UNE-EN-ISO- 14001: 2015 respectivement.<br><br>Venta de Soportes Publicitarios S.L.U. (DONO DARE\u00ae)<\/p>\t\t\t\t\t\t\t\t<\/div>\n\t\t\t\t<\/div>\n\t\t\t\t\t<\/div>\r\n\t\t\t\t<\/div>\r\n\t\t\t\t\t<\/div>\r\n\t\t\t\t<\/section>\r\n\t\t\t\t<\/div>\n\t\t","protected":false},"excerpt":{"rendered":"<p>Politique de gestion int\u00e9gr\u00e9eQualit\u00e9 et Environnement VENTA DE SOPORTES PUBLICITARIOS (DONO DARE\u00ae) concentre son activit\u00e9 professionnelle sur la commercialisation de produits promotionnels dans tous les secteurs.VENTA DE SOPORTES PUBLICITARIOS (DONO DARE\u00ae) consid\u00e8re et d\u00e9clare comme objectifs g\u00e9n\u00e9raux de sa gestion les suivants :\u2022 Obtenir la pleine satisfaction de ses clients en respectant les exigences contractuelles [&hellip;]<\/p>\n","protected":false},"author":2,"featured_media":0,"parent":0,"menu_order":0,"comment_status":"open","ping_status":"closed","template":"elementor_header_footer","meta":{"footnotes":""},"class_list":["post-10229","page","type-page","status-publish","hentry"],"_links":{"self":[{"href":"https:\/\/donodare.com\/fr\/index.php\/wp-json\/wp\/v2\/pages\/10229","targetHints":{"allow":["GET"]}}],"collection":[{"href":"https:\/\/donodare.com\/fr\/index.php\/wp-json\/wp\/v2\/pages"}],"about":[{"href":"https:\/\/donodare.com\/fr\/index.php\/wp-json\/wp\/v2\/types\/page"}],"author":[{"embeddable":true,"href":"https:\/\/donodare.com\/fr\/index.php\/wp-json\/wp\/v2\/users\/2"}],"replies":[{"embeddable":true,"href":"https:\/\/donodare.com\/fr\/index.php\/wp-json\/wp\/v2\/comments?post=10229"}],"version-history":[{"count":5,"href":"https:\/\/donodare.com\/fr\/index.php\/wp-json\/wp\/v2\/pages\/10229\/revisions"}],"predecessor-version":[{"id":10290,"href":"https:\/\/donodare.com\/fr\/index.php\/wp-json\/wp\/v2\/pages\/10229\/revisions\/10290"}],"wp:attachment":[{"href":"https:\/\/donodare.com\/fr\/index.php\/wp-json\/wp\/v2\/media?parent=10229"}],"curies":[{"name":"wp","href":"https:\/\/api.w.org\/{rel}","templated":true}]}}