{"id":10231,"date":"2025-07-31T08:22:38","date_gmt":"2025-07-31T07:22:38","guid":{"rendered":"https:\/\/donodare.com\/index.php\/politique-de-confidentialite\/"},"modified":"2026-02-03T08:12:41","modified_gmt":"2026-02-03T07:12:41","slug":"politique-de-confidentialite","status":"publish","type":"page","link":"https:\/\/donodare.com\/fr\/index.php\/politique-de-confidentialite\/","title":{"rendered":"Politique de confidentialit\u00e9"},"content":{"rendered":"\t\t<div data-elementor-type=\"wp-page\" data-elementor-id=\"10231\" class=\"elementor elementor-10231 elementor-7608\" data-elementor-post-type=\"page\">\n\t\t\t\t\t\t<section data-particle_enable=\"false\" data-particle-mobile-disabled=\"false\" class=\"elementor-section elementor-top-section elementor-element elementor-element-66782aa elementor-section-content-middle home-trending elementor-section-boxed elementor-section-height-default elementor-section-height-default\" data-id=\"66782aa\" data-element_type=\"section\" data-e-type=\"section\" data-settings=\"{&quot;background_background&quot;:&quot;classic&quot;}\">\r\n\t\t\r\n\t\t\t\t\t\t\t<div class=\"elementor-container elementor-column-gap-default\">\r\n\t\t\t\t\t\t\t\t\t\t\t<div class=\"elementor-column elementor-col-100 elementor-top-column elementor-element elementor-element-3b7ef08\" data-id=\"3b7ef08\" data-element_type=\"column\" data-e-type=\"column\">\r\n\t\t\t\t\t<div class=\"elementor-widget-wrap elementor-element-populated\">\r\n\t\t\t\t\t\t\t\t<div class=\"elementor-element elementor-element-ca54495 elementor-widget elementor-widget-porto_ultimate_heading\" data-id=\"ca54495\" data-element_type=\"widget\" data-e-type=\"widget\" data-widget_type=\"porto_ultimate_heading.default\">\n\t\t\t\t<div class=\"elementor-widget-container\">\n\t\t\t\t\t<div class=\"porto-u-heading  porto-u-bd11424de395366805213f3c847c9ae4\"><div class=\"porto-u-main-heading\"><h2   >Politique de confidentialit\u00e9<\/h2><\/div><style>.porto-u-bd11424de395366805213f3c847c9ae4.porto-u-heading{text-align:center}<\/style><\/div>\t\t\t\t<\/div>\n\t\t\t\t<\/div>\n\t\t\t\t\t<\/div>\r\n\t\t\t\t<\/div>\r\n\t\t\t\t\t<\/div>\r\n\t\t\t\t<\/section>\r\n\t\t\t\t<section data-particle_enable=\"false\" data-particle-mobile-disabled=\"false\" class=\"elementor-section elementor-top-section elementor-element elementor-element-421b05b elementor-section-content-middle home-trending elementor-section-boxed elementor-section-height-default elementor-section-height-default\" data-id=\"421b05b\" data-element_type=\"section\" data-e-type=\"section\" data-settings=\"{&quot;background_background&quot;:&quot;classic&quot;}\">\r\n\t\t\r\n\t\t\t\t\t\t\t<div class=\"elementor-container elementor-column-gap-default\">\r\n\t\t\t\t\t\t\t\t\t\t\t<div class=\"elementor-column elementor-col-100 elementor-top-column elementor-element elementor-element-e161289\" data-id=\"e161289\" data-element_type=\"column\" data-e-type=\"column\">\r\n\t\t\t\t\t<div class=\"elementor-widget-wrap elementor-element-populated\">\r\n\t\t\t\t\t\t\t\t<div class=\"elementor-element elementor-element-6d3ec36 elementor-widget elementor-widget-text-editor\" data-id=\"6d3ec36\" data-element_type=\"widget\" data-e-type=\"widget\" data-widget_type=\"text-editor.default\">\n\t\t\t\t<div class=\"elementor-widget-container\">\n\t\t\t\t\t\t\t\t\t<p style=\"margin-bottom: 30px; line-height: 1.4; font-size: 10pt; color: #555555; font-family: Lato, sans-serif; font-weight: 400; letter-spacing: normal;\">Aucune donn\u00e9e personnelle des utilisateurs n&rsquo;est collect\u00e9e sur ce site Web sans leur consentement, ni c\u00e9d\u00e9e \u00e0 des tiers.<\/p><p style=\"line-height: 1.5; margin-bottom: 20px; text-transform: uppercase; font-style: normal; font-variant-ligatures: normal; font-variant-caps: normal; letter-spacing: 1px; font-weight: bold; font-size: 20px; font-family: Raleway, sans-serif; color: #333333;\"><strong>Informations de base sur la protection des donn\u00e9es<\/strong><\/p><p style=\"margin-bottom: 30px; line-height: 1.4; font-size: 10pt; color: #555555; font-family: Lato, sans-serif; font-weight: 400; letter-spacing: normal;\">La pr\u00e9sente Politique de Confidentialit\u00e9 fournit des informations suppl\u00e9mentaires et d\u00e9taill\u00e9es sur l&rsquo;utilisation que DONO DARE fera de vos donn\u00e9es personnelles en tant qu&rsquo;utilisateur du site web.<\/p><p style=\"font-family: Raleway, sans-serif; font-weight: bold; line-height: 1.5; color: #333333; margin-bottom: 20px; font-size: 20px; text-transform: uppercase; letter-spacing: 1px; font-style: normal; font-variant-ligatures: normal; font-variant-caps: normal;\"><strong>1. RESPONSABLE DU TRAITEMENT<\/strong><\/p><p style=\"margin-bottom: 30px; line-height: 1.4; font-size: 10pt; color: #555555; font-family: Lato, sans-serif; font-weight: 400; letter-spacing: normal;\">Qui est responsable du traitement de vos donn\u00e9es personnelles ?<br>Venta de Soportes Publicitarios, S.L.<br>Plataforma Log\u00edstica Plaza, C\/ Tarento n.\u00ba 18 \u2013 Zaragoza,<br>976 328 243<br>donodare@donodare.com<\/p><p style=\"font-family: Raleway, sans-serif; font-weight: bold; line-height: 1.5; color: #333333; margin-bottom: 20px; font-size: 20px; text-transform: uppercase; letter-spacing: 1px; font-style: normal; font-variant-ligatures: normal; font-variant-caps: normal;\"><strong>2. FINALIT\u00c9 DU TRAITEMENT<\/strong><\/p><p style=\"margin-bottom: 30px; line-height: 1.4; font-size: 10pt; color: #555555; font-family: Lato, sans-serif; font-weight: 400; letter-spacing: normal;\">Dans quel but traitons-nous vos donn\u00e9es personnelles ?<br>DONO DARE, en tant que responsable du traitement et afin de se conformer au R\u00e8glement (UE) 2016\/679, vous informe que toutes les donn\u00e9es que vous nous fournirez seront trait\u00e9es de mani\u00e8re confidentielle aux fins correspondant \u00e0 chacune des activit\u00e9s de traitement men\u00e9es par l&rsquo;Entit\u00e9, en particulier :<br>&#8211; R\u00e9pondre \u00e0 vos questions et demandes.<br>&#8211; Fournir le service demand\u00e9,<br>&#8211; Facturer les services contract\u00e9s et effectuer les t\u00e2ches propres \u00e0 cette entit\u00e9, notamment \u00e0 des fins fiscales et comptables.<br>&#8211; Publicit\u00e9 et prospection commerciale uniquement dans le sens de l&rsquo;envoi aux clients qui l&rsquo;autorisent d&rsquo;informations sur les services de DONO DARE susceptibles de les int\u00e9resser.<\/p><p style=\"margin-bottom: 30px; line-height: 1.4; font-size: 10pt; color: #555555; font-family: Lato, sans-serif; font-weight: 400; letter-spacing: normal;\"><b>Pendant combien de temps conserverons-nous vos donn\u00e9es ?<\/b><br>Les donn\u00e9es faisant l&rsquo;objet des traitements effectu\u00e9s par DONO DARE seront conserv\u00e9es pendant le temps n\u00e9cessaire pour atteindre la finalit\u00e9 pour laquelle elles ont \u00e9t\u00e9 collect\u00e9es et pour d\u00e9terminer les \u00e9ventuelles responsabilit\u00e9s qui pourraient d\u00e9couler de cette finalit\u00e9. De plus, dans tous les cas, les p\u00e9riodes de conservation et de prescription \u00e9tablies dans la r\u00e9glementation fiscale, comptable et commerciale s&rsquo;appliqueront et seront conserv\u00e9es pendant le temps n\u00e9cessaire pour remplir les obligations l\u00e9gales. <\/p><p style=\"font-family: Raleway, sans-serif; font-weight: bold; line-height: 1.5; color: #333333; margin-bottom: 20px; font-size: 20px; text-transform: uppercase; letter-spacing: 1px; font-style: normal; font-variant-ligatures: normal; font-variant-caps: normal;\"><strong>3. ORIGINE<\/strong><\/p><p style=\"margin-bottom: 30px; line-height: 1.4; font-size: 10pt; color: #555555; font-family: Lato, sans-serif; font-weight: 400; letter-spacing: normal;\"><b>Comment avons-nous obtenu vos donn\u00e9es personnelles ?<\/b><br>Les donn\u00e9es personnelles que nous traitons proviennent directement de la personne concern\u00e9e elle-m\u00eame.<\/p><p style=\"font-family: Raleway, sans-serif; font-weight: bold; line-height: 1.5; color: #333333; margin-bottom: 20px; font-size: 20px; text-transform: uppercase; letter-spacing: 1px; font-style: normal; font-variant-ligatures: normal; font-variant-caps: normal;\"><strong>4. L\u00c9GITIMATION DU TRAITEMENT<\/strong><\/p><p style=\"margin-bottom: 30px; line-height: 1.4; font-size: 10pt; color: #555555; font-family: Lato, sans-serif; font-weight: 400; letter-spacing: normal;\"><b>Quelle est la l\u00e9gitimit\u00e9 de DONO DARE pour traiter vos donn\u00e9es?<\/b> Le traitement de vos donn\u00e9es personnelles est effectu\u00e9 sur la base de :<br>&#8211; L&rsquo;ex\u00e9cution de la relation contractuelle que vous entretenez avec DONO DARE, que ce soit par le biais d&rsquo;un contrat (commercial ou de travail).<br>&#8211; Le consentement que vous nous avez accord\u00e9 en tant que personne concern\u00e9e par le biais d&rsquo;une action affirmative claire pour vous envoyer des informations d&rsquo;int\u00e9r\u00eat par voie \u00e9lectronique concernant nos services et notre catalogue de produits.<br>&#8211; Le respect des obligations l\u00e9gales auxquelles DONO DARE pourrait \u00eatre soumise en raison de sa nature et de son type d&rsquo;activit\u00e9.<\/p><p style=\"margin-bottom: 30px; line-height: 1.4; font-size: 10pt; color: #555555; font-family: Lato, sans-serif; font-weight: 400; letter-spacing: normal;\"><b>Que se passe-t-il si vous ne nous fournissez pas vos donn\u00e9es ?<\/b><br>Le renseignement de chacun des champs figurant dans les formulaires du site web et signal\u00e9s par un ast\u00e9risque (*) est obligatoire afin de pouvoir traiter votre demande. \u00c0 d\u00e9faut de fournir les informations requises, nous ne serons pas en mesure de g\u00e9rer correctement votre requ\u00eate. <\/p><p style=\"margin-bottom: 30px; line-height: 1.4; font-size: 10pt; color: #555555; font-family: Lato, sans-serif; font-weight: 400; letter-spacing: normal;\"><b>\u00c0 quels destinataires vos donn\u00e9es personnelles seront-elles communiqu\u00e9es ?<\/b><br>\u00c0 quels destinataires vos donn\u00e9es personnelles seront-elles communiqu\u00e9es ? En r\u00e8gle g\u00e9n\u00e9rale, DONO DARE ne c\u00e8dera pas vos donn\u00e9es \u00e0 des tiers, sauf s&rsquo;il existe une obligation l\u00e9gale qui le justifie ou si le consentement de l&rsquo;int\u00e9ress\u00e9 est donn\u00e9. N\u00e9anmoins, dans certains cas, l&rsquo;entreprise peut c\u00e9der des donn\u00e9es \u00e0 des ateliers externes de personnalisation de produits en vertu du contrat sign\u00e9 et afin de pouvoir lui fournir une prestation de service correcte.<br>De m\u00eame, des transferts internationaux de donn\u00e9es peuvent \u00eatre effectu\u00e9s vers des pays asiatiques, o\u00f9 se trouvent les collaborateurs de l&rsquo;entreprise, toujours dans le respect des directives en mati\u00e8re de protection des donn\u00e9es et des clauses du contrat sign\u00e9 entre les deux parties. <\/p><p style=\"font-family: Raleway, sans-serif; font-weight: bold; line-height: 1.5; color: #333333; margin-bottom: 20px; font-size: 20px; text-transform: uppercase; letter-spacing: 1px; font-style: normal; font-variant-ligatures: normal; font-variant-caps: normal;\"><strong>5. DROITS<\/strong><\/p><p style=\"margin-bottom: 30px; line-height: 1.4; font-size: 10pt; color: #555555; font-family: Lato, sans-serif; font-weight: 400; letter-spacing: normal;\"><b>Exercice des droits :<\/b><br>Les personnes concern\u00e9es, en tant que titulaires de leurs donn\u00e9es, peuvent exercer aupr\u00e8s de DONO DARE les droits d&rsquo;acc\u00e8s, de rectification, de suppression, d&rsquo;opposition et de limitation du traitement de celles-ci.<\/p><p style=\"margin-bottom: 30px; line-height: 1.4; font-size: 10pt; color: #555555; font-family: Lato, sans-serif; font-weight: 400; letter-spacing: normal;\"><b>\u2022 Droit d&rsquo;acc\u00e8s : <\/b>La personne concern\u00e9e aura le droit d&rsquo;\u00eatre inform\u00e9e des finalit\u00e9s du traitement, des cat\u00e9gories de donn\u00e9es \u00e0 caract\u00e8re personnel trait\u00e9es et des \u00e9ventuelles communications de donn\u00e9es et de leurs destinataires, de la dur\u00e9e de conservation des donn\u00e9es, du droit de demander la rectification ou la suppression des donn\u00e9es, de la limitation du traitement et de s&rsquo;y opposer, du droit de d\u00e9poser une r\u00e9clamation aupr\u00e8s de l&rsquo;Agence espagnole de protection des donn\u00e9es, des garanties appropri\u00e9es pour les transferts internationaux.<\/p><p style=\"margin-bottom: 30px; line-height: 1.4; font-size: 10pt; color: #555555; font-family: Lato, sans-serif; font-weight: 400; letter-spacing: normal;\">\u2022<b> Droit de rectification : <\/b>La personne concern\u00e9e aura le droit de rectifier les donn\u00e9es inexactes et de faire compl\u00e9ter les donn\u00e9es personnelles incompl\u00e8tes, y compris par une d\u00e9claration suppl\u00e9mentaire.<\/p><p style=\"margin-bottom: 30px; line-height: 1.4; font-size: 10pt; color: #555555; font-family: Lato, sans-serif; font-weight: 400; letter-spacing: normal;\"><b>\u2022 Droit \u00e0 l&rsquo;effacement : <\/b>La personne concern\u00e9e pourra demander la suppression de ses donn\u00e9es personnelles \u00e0 condition que l&rsquo;un des cas pr\u00e9vus par la r\u00e9glementation soit rempli.<\/p><p style=\"margin-bottom: 30px; line-height: 1.4; font-size: 10pt; color: #555555; font-family: Lato, sans-serif; font-weight: 400; letter-spacing: normal;\"><b>\u2022 Droit \u00e0 la limitation du traitement : <\/b>La personne concern\u00e9e aura le droit de demander \u00e0 la mairie de suspendre le traitement de ses donn\u00e9es lorsque l&rsquo;exactitude de celles-ci est contest\u00e9e ou si elle a exerc\u00e9 son droit d&rsquo;opposition au traitement, pendant que l&rsquo;on v\u00e9rifie si les motifs l\u00e9gitimes de la mairie pr\u00e9valent sur ceux de la personne concern\u00e9e. Vous aurez \u00e9galement le droit de demander \u00e0 la mairie de conserver les donn\u00e9es personnelles lorsque le traitement est licite mais que la personne concern\u00e9e s&rsquo;oppose \u00e0 la suppression de ses donn\u00e9es et demande plut\u00f4t la limitation de leur utilisation, ou lorsque la mairie n&rsquo;a plus besoin de ces donn\u00e9es, mais que la personne concern\u00e9e en a besoin pour la formulation, l&rsquo;exercice ou la d\u00e9fense de r\u00e9clamations. <\/p><p style=\"margin-bottom: 30px; line-height: 1.4; font-size: 10pt; color: #555555; font-family: Lato, sans-serif; font-weight: 400; letter-spacing: normal;\"><b>\u2022 Droit d&rsquo;opposition :<\/b><br>La personne concern\u00e9e peut s&rsquo;opposer au traitement lorsque, pour des motifs li\u00e9s \u00e0 sa situation personnelle, le traitement de ces donn\u00e9es doit cesser, sauf s&rsquo;il est prouv\u00e9 qu&rsquo;il existe un int\u00e9r\u00eat l\u00e9gitime ou qu&rsquo;il est n\u00e9cessaire \u00e0 l&rsquo;exercice ou \u00e0 la d\u00e9fense de r\u00e9clamations.<br>Pour l&rsquo;exercice de ces droits, les titulaires de donn\u00e9es peuvent s&rsquo;adresser \u00e0 Venta de Soportes Publicitarios S.L.U, dont le si\u00e8ge social est situ\u00e9 Plataforma Log\u00edstica PlaZa C\/ Tarento, naves 17-18, 50197, Saragosse. T\u00e9l\u00e9phone 976 328 243 et adresse \u00e9lectronique donodare@donodare.com <\/p><p style=\"font-family: Raleway, sans-serif; font-weight: bold; line-height: 1.5; color: #333333; margin-bottom: 20px; font-size: 20px; text-transform: uppercase; letter-spacing: 1px; font-style: normal; font-variant-ligatures: normal; font-variant-caps: normal;\"><strong>6. R\u00c9CLAMATION AUPR\u00c8S DE L&rsquo;AUTORIT\u00c9 COMP\u00c9TENTE<\/strong><\/p><p style=\"margin-bottom: 30px; line-height: 1.4; font-size: 10pt; color: #555555; font-family: Lato, sans-serif; font-weight: 400; letter-spacing: normal;\">Vous pourrez d\u00e9poser une r\u00e9clamation aupr\u00e8s de l&rsquo;autorit\u00e9 de contr\u00f4le comp\u00e9tente en mati\u00e8re de protection des donn\u00e9es, notamment si vous n&rsquo;avez pas obtenu satisfaction dans l&rsquo;exercice de vos droits, par \u00e9crit adress\u00e9 \u00e0 l&rsquo;Agence espagnole de protection des donn\u00e9es : C\/ Jorge Juan, 6, 28001 Madrid.<\/p>\t\t\t\t\t\t\t\t<\/div>\n\t\t\t\t<\/div>\n\t\t\t\t\t<\/div>\r\n\t\t\t\t<\/div>\r\n\t\t\t\t\t<\/div>\r\n\t\t\t\t<\/section>\r\n\t\t\t\t<\/div>\n\t\t","protected":false},"excerpt":{"rendered":"<p>Politique de confidentialit\u00e9 Aucune donn\u00e9e personnelle des utilisateurs n&rsquo;est collect\u00e9e sur ce site Web sans leur consentement, ni c\u00e9d\u00e9e \u00e0 des tiers. Informations de base sur la protection des donn\u00e9es La pr\u00e9sente Politique de Confidentialit\u00e9 fournit des informations suppl\u00e9mentaires et d\u00e9taill\u00e9es sur l&rsquo;utilisation que DONO DARE fera de vos donn\u00e9es personnelles en tant qu&rsquo;utilisateur du [&hellip;]<\/p>\n","protected":false},"author":2,"featured_media":0,"parent":0,"menu_order":0,"comment_status":"open","ping_status":"closed","template":"elementor_header_footer","meta":{"footnotes":""},"class_list":["post-10231","page","type-page","status-publish","hentry"],"_links":{"self":[{"href":"https:\/\/donodare.com\/fr\/index.php\/wp-json\/wp\/v2\/pages\/10231","targetHints":{"allow":["GET"]}}],"collection":[{"href":"https:\/\/donodare.com\/fr\/index.php\/wp-json\/wp\/v2\/pages"}],"about":[{"href":"https:\/\/donodare.com\/fr\/index.php\/wp-json\/wp\/v2\/types\/page"}],"author":[{"embeddable":true,"href":"https:\/\/donodare.com\/fr\/index.php\/wp-json\/wp\/v2\/users\/2"}],"replies":[{"embeddable":true,"href":"https:\/\/donodare.com\/fr\/index.php\/wp-json\/wp\/v2\/comments?post=10231"}],"version-history":[{"count":5,"href":"https:\/\/donodare.com\/fr\/index.php\/wp-json\/wp\/v2\/pages\/10231\/revisions"}],"predecessor-version":[{"id":10286,"href":"https:\/\/donodare.com\/fr\/index.php\/wp-json\/wp\/v2\/pages\/10231\/revisions\/10286"}],"wp:attachment":[{"href":"https:\/\/donodare.com\/fr\/index.php\/wp-json\/wp\/v2\/media?parent=10231"}],"curies":[{"name":"wp","href":"https:\/\/api.w.org\/{rel}","templated":true}]}}