{"id":10235,"date":"2025-07-31T08:26:32","date_gmt":"2025-07-31T07:26:32","guid":{"rendered":"https:\/\/donodare.com\/index.php\/mentions-legales\/"},"modified":"2026-02-03T08:22:22","modified_gmt":"2026-02-03T07:22:22","slug":"mentions-legales","status":"publish","type":"page","link":"https:\/\/donodare.com\/fr\/index.php\/mentions-legales\/","title":{"rendered":"Mentions l\u00e9gales"},"content":{"rendered":"\t\t<div data-elementor-type=\"wp-page\" data-elementor-id=\"10235\" class=\"elementor elementor-10235 elementor-7613\" data-elementor-post-type=\"page\">\n\t\t\t\t\t\t<section data-particle_enable=\"false\" data-particle-mobile-disabled=\"false\" class=\"elementor-section elementor-top-section elementor-element elementor-element-66782aa elementor-section-content-middle home-trending elementor-section-boxed elementor-section-height-default elementor-section-height-default\" data-id=\"66782aa\" data-element_type=\"section\" data-e-type=\"section\" data-settings=\"{&quot;background_background&quot;:&quot;classic&quot;}\">\r\n\t\t\r\n\t\t\t\t\t\t\t<div class=\"elementor-container elementor-column-gap-default\">\r\n\t\t\t\t\t\t\t\t\t\t\t<div class=\"elementor-column elementor-col-100 elementor-top-column elementor-element elementor-element-3b7ef08\" data-id=\"3b7ef08\" data-element_type=\"column\" data-e-type=\"column\">\r\n\t\t\t\t\t<div class=\"elementor-widget-wrap elementor-element-populated\">\r\n\t\t\t\t\t\t\t\t<div class=\"elementor-element elementor-element-ca54495 elementor-widget elementor-widget-porto_ultimate_heading\" data-id=\"ca54495\" data-element_type=\"widget\" data-e-type=\"widget\" data-widget_type=\"porto_ultimate_heading.default\">\n\t\t\t\t<div class=\"elementor-widget-container\">\n\t\t\t\t\t<div class=\"porto-u-heading  porto-u-bd11424de395366805213f3c847c9ae4\"><div class=\"porto-u-main-heading\"><h2   >Mentions l\u00e9gales<\/h2><\/div><style>.porto-u-bd11424de395366805213f3c847c9ae4.porto-u-heading{text-align:center}<\/style><\/div>\t\t\t\t<\/div>\n\t\t\t\t<\/div>\n\t\t\t\t\t<\/div>\r\n\t\t\t\t<\/div>\r\n\t\t\t\t\t<\/div>\r\n\t\t\t\t<\/section>\r\n\t\t\t\t<section data-particle_enable=\"false\" data-particle-mobile-disabled=\"false\" class=\"elementor-section elementor-top-section elementor-element elementor-element-421b05b elementor-section-content-middle home-trending elementor-section-boxed elementor-section-height-default elementor-section-height-default\" data-id=\"421b05b\" data-element_type=\"section\" data-e-type=\"section\" data-settings=\"{&quot;background_background&quot;:&quot;classic&quot;}\">\r\n\t\t\r\n\t\t\t\t\t\t\t<div class=\"elementor-container elementor-column-gap-default\">\r\n\t\t\t\t\t\t\t\t\t\t\t<div class=\"elementor-column elementor-col-100 elementor-top-column elementor-element elementor-element-e161289\" data-id=\"e161289\" data-element_type=\"column\" data-e-type=\"column\">\r\n\t\t\t\t\t<div class=\"elementor-widget-wrap elementor-element-populated\">\r\n\t\t\t\t\t\t\t\t<div class=\"elementor-element elementor-element-6d3ec36 elementor-widget elementor-widget-text-editor\" data-id=\"6d3ec36\" data-element_type=\"widget\" data-e-type=\"widget\" data-widget_type=\"text-editor.default\">\n\t\t\t\t<div class=\"elementor-widget-container\">\n\t\t\t\t\t\t\t\t\t<p><strong>1. DONN\u00c9ES D&rsquo;IDENTIFICATION<\/strong><\/p>\n<p>Conform\u00e9ment \u00e0 l&rsquo;obligation d&rsquo;information pr\u00e9vue \u00e0 l&rsquo;article 10 de la loi 34\/2002 du 11 juillet relative aux services de la soci\u00e9t\u00e9 de l&rsquo;information et au commerce \u00e9lectronique, les informations suivantes sont fournies : la soci\u00e9t\u00e9 propri\u00e9taire du nom de domaine est Venta de Soportes Publicitarios S.L.U. (ci-apr\u00e8s d\u00e9nomm\u00e9e Dono Dare\u00ae), dont le si\u00e8ge social est situ\u00e9 \u00e0 Plataforma Log\u00edstica PlaZa, c\/Tarento 18, 50197, Saragosse, Espagne, num\u00e9ro d&rsquo;identification fiscale : B50914985, inscrite au registre du commerce de Saragosse, tome 2769 du livre O, folio 197, section 8, feuille Z-30780. Adresse \u00e9lectronique de contact : donodare@donodare.com.<br>Les pr\u00e9sentes dispositions r\u00e9gissent l&rsquo;utilisation du service du portail Internet (ci-apr\u00e8s d\u00e9nomm\u00e9 \u00ab le Portail \u00bb) que DONO DARE met \u00e0 la disposition des utilisateurs d&rsquo;Internet. <\/p>\n<p><strong>2. UTILISATEURS<\/strong><\/p>\n<p>L&rsquo;acc\u00e8s ou l&rsquo;utilisation de ce portail conf\u00e8re la condition d&rsquo;utilisateur \u00e0 la personne physique, qui accepte sans r\u00e9serve les conditions g\u00e9n\u00e9rales d&rsquo;utilisation \u00e9nonc\u00e9es ici.<\/p>\n<p><strong>3. CONDITIONS D&rsquo;UTILISATION DU PORTAIL WEB<\/strong><\/p>\n<p>En naviguant sur ce portail web, l&rsquo;utilisateur sera enti\u00e8rement responsable de l&rsquo;acc\u00e8s et de l&rsquo;utilisation correcte de celui-ci et de son contenu, conform\u00e9ment \u00e0 la l\u00e9gislation en vigueur, nationale ou internationale, ainsi qu&rsquo;aux principes de bonne foi, de moralit\u00e9, des bonnes m\u0153urs g\u00e9n\u00e9ralement accept\u00e9es et de l&rsquo;ordre public.<br>L&rsquo;Utilisateur s&rsquo;engage \u00e0 faire un usage appropri\u00e9 des contenus et services que DONO DARE propose via le Portail et, \u00e0 titre \u00e9nonciatif mais non limitatif, \u00e0 ne pas les utiliser pour (i) se livrer \u00e0 des activit\u00e9s illicites, ill\u00e9gales ou contraires \u00e0 la bonne foi et \u00e0 l&rsquo;ordre public ; (ii) diffuser des contenus ou de la propagande \u00e0 caract\u00e8re raciste, x\u00e9nophobe, pornographique-ill\u00e9gal, faisant l&rsquo;apologie du terrorisme ou portant atteinte aux droits de l&rsquo;homme ; (iii) provoquer des dommages aux syst\u00e8mes physiques et logiques de l&rsquo;entit\u00e9, de ses fournisseurs ou de tiers, introduire ou diffuser sur le R\u00e9seau des virus informatiques ou tout autre syst\u00e8me physique ou logique susceptible de provoquer les dommages mentionn\u00e9s ci-dessus ; (iv) tenter d&rsquo;acc\u00e9der et, le cas \u00e9ch\u00e9ant, d&rsquo;utiliser les comptes de messagerie d&rsquo;autres Utilisateurs et de modifier ou manipuler leurs messages.    <\/p>\n<p><strong>4. PROPRI\u00c9T\u00c9 INTELLECTUELLE ET INDUSTRIELLE<\/strong><\/p>\n<p>DONO DARE est titulaire de tous les droits de propri\u00e9t\u00e9 intellectuelle et industrielle d\u00e9riv\u00e9s des \u00e9l\u00e9ments qui composent le pr\u00e9sent site Web ou, le cas \u00e9ch\u00e9ant, dispose de l&rsquo;autorisation correspondante pour leur utilisation (\u00e0 titre indicatif : images, son, audio, vid\u00e9o, logiciels ou textes, marques ou logos, combinaisons de couleurs, structure et conception, s\u00e9lection des mat\u00e9riaux utilis\u00e9s, programmes informatiques n\u00e9cessaires \u00e0 leur fonctionnement, acc\u00e8s et utilisation, etc.). Toutes les photographies qui y sont incluses sont la propri\u00e9t\u00e9 de DONO DARE et lui ont \u00e9t\u00e9 c\u00e9d\u00e9es avec le consentement expr\u00e8s de leur propri\u00e9taire l\u00e9gitime.<br>En vertu des dispositions des articles 8 et 32.1, deuxi\u00e8me paragraphe, de la loi sur la propri\u00e9t\u00e9 intellectuelle, toute forme de reproduction, distribution, communication publique, mise \u00e0 disposition, modification, transformation et, en g\u00e9n\u00e9ral, tout acte d&rsquo;exploitation de tout ou partie du contenu de ce site web, \u00e0 des fins commerciales, sur tout support et par tout moyen technique, sans l&rsquo;autorisation de DONO DARE, est express\u00e9ment interdite.<br>L&rsquo;utilisateur s&rsquo;engage \u00e0 respecter les droits de propri\u00e9t\u00e9 intellectuelle et industrielle d\u00e9tenus par DONO DARE. Il peut visualiser les \u00e9l\u00e9ments du portail et m\u00eame les imprimer, les copier et les stocker sur son appareil, sur le disque dur de son ordinateur ou sur tout autre support physique, \u00e0 condition que ce soit uniquement et exclusivement pour son usage personnel et priv\u00e9.  <br>De m\u00eame, conform\u00e9ment \u00e0 la loi 37\/2007 du 16 novembre sur la r\u00e9utilisation de l&rsquo;information du secteur public, la r\u00e9utilisation des documents et\/ou informations de DONO DARE contenus dans ce portail est autoris\u00e9e, \u00e0 condition que ces contenus restent int\u00e9graux et que la source de ceux-ci soit cit\u00e9e (cette autorisation ne s&rsquo;applique pas aux documents soumis \u00e0 des droits de propri\u00e9t\u00e9 intellectuelle ou industrielle, notamment de la part de tiers).<br>En tout \u00e9tat de cause, le r\u00e9gime de r\u00e9utilisation est tenu de garantir le plein respect des principes qui consacrent la protection des donn\u00e9es personnelles, dans les termes \u00e9tablis par la r\u00e9glementation en vigueur \u00e0 tout moment, qui r\u00e9git cette mati\u00e8re (R\u00e8glement (UE) 2016\/679).<\/p>\n<p><strong>5. LIMITATION DE RESPONSABILIT\u00c9<\/strong><\/p>\n<p>DONO DARE ne se porte pas responsable des \u00e9ventuels dommages ou pr\u00e9judices de quelque nature que ce soit que l&rsquo;Utilisateur pourrait subir du fait de la navigation sur le Portail (erreurs ou omissions dans les contenus, indispo)<\/p>\n<p><strong>6. LIENS<\/strong><\/p>\n<p>D&rsquo;autre part, l&rsquo;installation de liens permettant d&rsquo;acc\u00e9der \u00e0 des sites Web g\u00e9r\u00e9s par des tiers a pour seul objectif de faciliter l&rsquo;acc\u00e8s des Utilisateurs aux informations, contenus et services disponibles sur Internet en rapport avec l&rsquo;activit\u00e9 de l&rsquo;entit\u00e9. Il nous est impossible d&rsquo;assumer toute responsabilit\u00e9 quant au contenu, \u00e0 l&rsquo;exactitude et \u00e0 la mise \u00e0 jour des informations contenues dans ces pages Web tierces sur lesquelles nous n&rsquo;avons aucun contr\u00f4le. Cependant, nous nous engageons \u00e0 supprimer les liens si nous avons connaissance de l&rsquo;existence de contenus illicites ou portant atteinte aux droits de tiers.<br>Les informations contenues sur ce site Web peuvent contenir des erreurs typographiques, des impr\u00e9cisions et des inexactitudes qui seront corrig\u00e9es d\u00e8s qu&rsquo;elles auront \u00e9t\u00e9 d\u00e9tect\u00e9es, sans que cela n&rsquo;engendre une responsabilit\u00e9 plus importante.<br>De m\u00eame, DONO DARE s&rsquo;efforce de faire fonctionner le Portail avec la plus grande efficacit\u00e9 et de le faire remplir l&rsquo;objectif pour lequel il a \u00e9t\u00e9 cr\u00e9\u00e9 ; par cons\u00e9quent, il ne peut \u00eatre tenu responsable des dysfonctionnements et\/ou anomalies possibles de son fonctionnement caus\u00e9s par des circonstances accidentelles, des cas de force majeure, des travaux de maintenance ou des d\u00e9faillances techniques qui rendent l&rsquo;acc\u00e8s ou la navigation sur le site Web impossible. <\/p>\n<p><strong>7. PROTECTION DES DONN\u00c9ES<\/strong><\/p>\n<p>DONO DARE prot\u00e9gera les donn\u00e9es personnelles des Utilisateurs et les utilisera en respectant et en se conformant \u00e0 tout moment aux obligations \u00e9tablies par la l\u00e9gislation en vigueur sur la protection des donn\u00e9es \u00e0 caract\u00e8re personnel. Consultez plus d&rsquo;informations \u00e0 ce sujet dans notre &nbsp;<a href=\"\/index.php\/politica-privacidad\" target=\"_blank\" rel=\"noopener\">Pol\u00edtique de confidentialit\u00e9<\/a><\/p>\n<p><strong>8. MODIFICATION DES CONDITIONS D&rsquo;UTILISATION<\/strong><\/p>\n<p>DONO DARE se r\u00e9serve le droit de modifier ou de mettre \u00e0 jour, \u00e0 tout moment, les pr\u00e9sentes Conditions d\u2019Utilisation, ainsi que toute information susceptible de figurer sur le Site Web ou sur d\u2019autres sites web dont l\u2019entit\u00e9 est propri\u00e9taire. L\u2019utilisation continue du Site Web apr\u00e8s toute modification des Conditions d\u2019Utilisation vaut acceptation de celles-ci. <\/p>\n<p><strong>9. L\u00c9GISLATION APPLICABLE ET JURIDICTION<\/strong><\/p>\n<p>De mani\u00e8re g\u00e9n\u00e9rale, les relations d\u00e9coulant de la prestation des services propos\u00e9s sur le Site Web sont soumises \u00e0 la l\u00e9gislation et \u00e0 la juridiction espagnoles. Tout litige pouvant r\u00e9sulter de l\u2019acc\u00e8s au Portail ou en lien avec son contenu sera soumis aux tribunaux comp\u00e9tents.<\/p>\t\t\t\t\t\t\t\t<\/div>\n\t\t\t\t<\/div>\n\t\t\t\t\t<\/div>\r\n\t\t\t\t<\/div>\r\n\t\t\t\t\t<\/div>\r\n\t\t\t\t<\/section>\r\n\t\t\t\t<\/div>\n\t\t","protected":false},"excerpt":{"rendered":"<p>Mentions l\u00e9gales 1. DONN\u00c9ES D&rsquo;IDENTIFICATION Conform\u00e9ment \u00e0 l&rsquo;obligation d&rsquo;information pr\u00e9vue \u00e0 l&rsquo;article 10 de la loi 34\/2002 du 11 juillet relative aux services de la soci\u00e9t\u00e9 de l&rsquo;information et au commerce \u00e9lectronique, les informations suivantes sont fournies : la soci\u00e9t\u00e9 propri\u00e9taire du nom de domaine est Venta de Soportes Publicitarios S.L.U. (ci-apr\u00e8s d\u00e9nomm\u00e9e Dono Dare\u00ae), [&hellip;]<\/p>\n","protected":false},"author":2,"featured_media":0,"parent":0,"menu_order":0,"comment_status":"open","ping_status":"closed","template":"elementor_header_footer","meta":{"footnotes":""},"class_list":["post-10235","page","type-page","status-publish","hentry"],"_links":{"self":[{"href":"https:\/\/donodare.com\/fr\/index.php\/wp-json\/wp\/v2\/pages\/10235","targetHints":{"allow":["GET"]}}],"collection":[{"href":"https:\/\/donodare.com\/fr\/index.php\/wp-json\/wp\/v2\/pages"}],"about":[{"href":"https:\/\/donodare.com\/fr\/index.php\/wp-json\/wp\/v2\/types\/page"}],"author":[{"embeddable":true,"href":"https:\/\/donodare.com\/fr\/index.php\/wp-json\/wp\/v2\/users\/2"}],"replies":[{"embeddable":true,"href":"https:\/\/donodare.com\/fr\/index.php\/wp-json\/wp\/v2\/comments?post=10235"}],"version-history":[{"count":3,"href":"https:\/\/donodare.com\/fr\/index.php\/wp-json\/wp\/v2\/pages\/10235\/revisions"}],"predecessor-version":[{"id":10288,"href":"https:\/\/donodare.com\/fr\/index.php\/wp-json\/wp\/v2\/pages\/10235\/revisions\/10288"}],"wp:attachment":[{"href":"https:\/\/donodare.com\/fr\/index.php\/wp-json\/wp\/v2\/media?parent=10235"}],"curies":[{"name":"wp","href":"https:\/\/api.w.org\/{rel}","templated":true}]}}