{"id":7613,"date":"2025-07-31T08:26:32","date_gmt":"2025-07-31T08:26:32","guid":{"rendered":"https:\/\/donodare.com\/?page_id=7613"},"modified":"2025-09-12T10:13:24","modified_gmt":"2025-09-12T10:13:24","slug":"aviso-legal","status":"publish","type":"page","link":"https:\/\/donodare.com\/index.php\/aviso-legal\/","title":{"rendered":"Aviso Legal"},"content":{"rendered":"\t\t<div data-elementor-type=\"wp-page\" data-elementor-id=\"7613\" class=\"elementor elementor-7613\" data-elementor-post-type=\"page\">\n\t\t\t\t\t\t<section data-particle_enable=\"false\" data-particle-mobile-disabled=\"false\" class=\"elementor-section elementor-top-section elementor-element elementor-element-66782aa elementor-section-content-middle home-trending elementor-section-boxed elementor-section-height-default elementor-section-height-default\" data-id=\"66782aa\" data-element_type=\"section\" data-e-type=\"section\" data-settings=\"{&quot;background_background&quot;:&quot;classic&quot;}\">\r\n\t\t\r\n\t\t\t\t\t\t\t<div class=\"elementor-container elementor-column-gap-default\">\r\n\t\t\t\t\t\t\t\t\t\t\t<div class=\"elementor-column elementor-col-100 elementor-top-column elementor-element elementor-element-3b7ef08\" data-id=\"3b7ef08\" data-element_type=\"column\" data-e-type=\"column\">\r\n\t\t\t\t\t<div class=\"elementor-widget-wrap elementor-element-populated\">\r\n\t\t\t\t\t\t\t\t<div class=\"elementor-element elementor-element-ca54495 elementor-widget elementor-widget-porto_ultimate_heading\" data-id=\"ca54495\" data-element_type=\"widget\" data-e-type=\"widget\" data-widget_type=\"porto_ultimate_heading.default\">\n\t\t\t\t<div class=\"elementor-widget-container\">\n\t\t\t\t\t<div class=\"porto-u-heading  porto-u-bd11424de395366805213f3c847c9ae4\"><div class=\"porto-u-main-heading\"><h2   >Aviso Legal<\/h2><\/div><style>.porto-u-bd11424de395366805213f3c847c9ae4.porto-u-heading{text-align:center}<\/style><\/div>\t\t\t\t<\/div>\n\t\t\t\t<\/div>\n\t\t\t\t\t<\/div>\r\n\t\t\t\t<\/div>\r\n\t\t\t\t\t<\/div>\r\n\t\t\t\t<\/section>\r\n\t\t\t\t<section data-particle_enable=\"false\" data-particle-mobile-disabled=\"false\" class=\"elementor-section elementor-top-section elementor-element elementor-element-421b05b elementor-section-content-middle home-trending elementor-section-boxed elementor-section-height-default elementor-section-height-default\" data-id=\"421b05b\" data-element_type=\"section\" data-e-type=\"section\" data-settings=\"{&quot;background_background&quot;:&quot;classic&quot;}\">\r\n\t\t\r\n\t\t\t\t\t\t\t<div class=\"elementor-container elementor-column-gap-default\">\r\n\t\t\t\t\t\t\t\t\t\t\t<div class=\"elementor-column elementor-col-100 elementor-top-column elementor-element elementor-element-e161289\" data-id=\"e161289\" data-element_type=\"column\" data-e-type=\"column\">\r\n\t\t\t\t\t<div class=\"elementor-widget-wrap elementor-element-populated\">\r\n\t\t\t\t\t\t\t\t<div class=\"elementor-element elementor-element-6d3ec36 elementor-widget elementor-widget-text-editor\" data-id=\"6d3ec36\" data-element_type=\"widget\" data-e-type=\"widget\" data-widget_type=\"text-editor.default\">\n\t\t\t\t<div class=\"elementor-widget-container\">\n\t\t\t\t\t\t\t\t\t<p><strong>1. DATOS IDENTIFICATIVOS<\/strong><\/p>\n<p>En cumplimiento con el deber de informaci\u00f3n recogido en art\u00edculo 10 de la Ley 34\/2002, de 11 de julio, de Servicios de la Sociedad de la Informaci\u00f3n y del Comercio Electr\u00f3nico, a continuaci\u00f3n se reflejan los siguientes datos: la empresa titular de dominio web es Venta de Soportes Publicitarios S.L.U. (a partir de ahora Dono Dare\u00ae), con domicilio a estos efectos en Plataforma Log\u00edstica PlaZa, c\/Tarento 18, 50197, Zaragoza, Espa\u00f1a, n\u00famero de C.I.F.: B50914985 inscrita en el Registro Mercantil de Zaragoza, tomo 2769 del libro O, folio 197 Secci\u00f3n 8 hoja Z-30780. Correo electr\u00f3nico de contacto: donodare@donodare.com.<br>Las presentes disposiciones regulan el uso del servicio del portal de Internet (en adelante, el Portal) que DONO DARE pone a disposici\u00f3n de los Usuarios de Internet.<\/p>\n<p><strong>2. USUARIOS<\/strong><\/p>\n<p>El acceso o utilizaci\u00f3n de este Portal atribuye la condici\u00f3n de Usuario a la persona f\u00edsica, que acepta, sin reservas, las Condiciones Generales de Uso aqu\u00ed reflejadas.<\/p>\n<p><strong>3. CONDICIONES DE USO DEL PORTAL WEB<\/strong><\/p>\n<p>Al navegar en este Portal Web, el Usuario ser\u00e1 enteramente responsable del acceso y correcto uso del mismo y sus contenidos con sujeci\u00f3n a la legalidad vigente, nacional o internacional, as\u00ed como a los principios de la buena fe, la moral, las buenas costumbres generalmente aceptadas y el orden p\u00fablico.<br>El Usuario se compromete a hacer un uso adecuado de los contenidos y servicios que DONO DARE ofrece a trav\u00e9s del Portal y, con car\u00e1cter enunciativo pero no limitativo, a no emplearlos para (i) incurrir en actividades il\u00edcitas, ilegales o contrarias a la buena fe y al orden p\u00fablico; (ii) difundir contenidos o propaganda de car\u00e1cter racista, xen\u00f3fobo, pornogr\u00e1fico-ilegal, de apolog\u00eda del terrorismo o atentatorio contra los derechos humanos; (iii) provocar da\u00f1os en los sistemas f\u00edsicos y l\u00f3gicos de la entidad, de sus proveedores o de terceras personas, introducir o difundir en la Red, virus inform\u00e1ticos o cualesquiera otros sistemas f\u00edsicos o l\u00f3gicos que sean susceptibles de provocar los da\u00f1os anteriormente mencionados; (iv) intentar acceder y, en su caso, utilizar las cuentas de correo electr\u00f3nico de otros Usuarios y modificar o manipular sus mensajes.<\/p>\n<p><strong>4. PROPIEDAD INTELECTUAL E INDUSTRIAL<\/strong><\/p>\n<p>DONO DARE es titular de todos los derechos de propiedad intelectual e industrial derivados de los elementos que integran la presente p\u00e1gina Web o, en su caso, dispone de la correspondiente autorizaci\u00f3n para su utilizaci\u00f3n (a t\u00edtulo enunciativo: im\u00e1genes, sonido, audio, v\u00eddeo, software o textos, marcas o logotipos, combinaciones de colores, estructura y dise\u00f1o, selecci\u00f3n de materiales usados, programas de ordenador necesarios para su funcionamiento, acceso y uso, etc.). Todas las fotograf\u00edas que en el mismo se incluyan son titularidad de DONO DARE le han sido cedidas con el consentimiento expreso de su leg\u00edtimo propietario.<br>En virtud de lo dispuesto en los art\u00edculos 8 y 32.1, p\u00e1rrafo segundo, de la Ley de Propiedad Intelectual, quedan expresamente prohibidas cualquier forma de reproducci\u00f3n, distribuci\u00f3n, comunicaci\u00f3n p\u00fablica, puesta a disposici\u00f3n, modificaci\u00f3n, transformaci\u00f3n y, en general, cualquier acto de explotaci\u00f3n de la totalidad o parte de los contenidos de esta p\u00e1gina Web, con fines comerciales, en cualquier soporte y por cualquier medio t\u00e9cnico, sin la autorizaci\u00f3n de DONO DARE<br>El Usuario se compromete a respetar los derechos de propiedad intelectual e industrial titularidad DE DONO DARE. Podr\u00e1 visualizar los elementos del Portal e incluso imprimirlos, copiarlos y almacenarlos en su dispositivo, en el disco duro de su ordenador o en cualquier otro soporte f\u00edsico siempre y cuando sea, \u00fanica y exclusivamente, para su uso personal y privado.<br>Asimismo, de conformidad con la Ley 37\/2007, de 16 de noviembre, sobre reutilizaci\u00f3n de la informaci\u00f3n del sector p\u00fablico, se autoriza a la reutilizaci\u00f3n de los documentos y\/o informaci\u00f3n de DONO DARE contenida en este Portal, siempre que tales contenidos permanezcan \u00edntegros y se cite la fuente de los mismos (esta autorizaci\u00f3n no es aplicable a los documentos sometidos a derechos de propiedad intelectual o industrial, especialmente por parte de terceros).<br>En todo caso, el r\u00e9gimen de reutilizaci\u00f3n est\u00e1 obligado a garantizar el pleno respeto de los principios que consagran la protecci\u00f3n de datos personales, en los t\u00e9rminos establecidos en la normativa vigente, en cada momento, que regula esta materia (Reglamento (UE) 2016\/679).<\/p>\n<p><strong>5. LIMITACI\u00d3N DE RESPONSABILIDADES<\/strong><\/p>\n<p>DONO DARE no se responsabiliza de los posibles da\u00f1os o perjuicios de cualquier naturaleza que pueda sufrir el Usuario derivados de la navegaci\u00f3n en el Portal (errores u omisiones en los contenidos, falta de disponibilidad del Portal, transmisi\u00f3n de posibles virus o programas lesivos o maliciosos).<\/p>\n<p><strong>6. ENLACES<\/strong><\/p>\n<p>Por otro lado, la instalaci\u00f3n de enlaces que permitan acceder a sitios Web gestionados por terceros tiene por \u00fanico objeto facilitar a los Usuarios el acceso a informaci\u00f3n, contenidos y servicios disponibles en Internet relacionados con la actividad a la que se dedica la entidad. Nos es imposible asumir responsabilidad alguna por el contenido, exactitud y actualizaci\u00f3n de la informaci\u00f3n comprendida en tales p\u00e1ginas Web de terceros sobre las cuales no tenemos ning\u00fan control, sin embargo, nos comprometemos a retirar enlaces en caso de tener conocimiento de la existencia de contenidos il\u00edcitos o que lesionen derechos de terceros.<br>La informaci\u00f3n contenida en este sitio Web puede contener errores tipogr\u00e1ficos, imprecisiones e inexactitudes que ser\u00e1n subsanadas tan pronto como se hayan detectado, sin que esto derive en una responsabilidad mayor.<br>Asimismo, desde DONO DARE se trabaja para que el Portal funcione con la m\u00e1xima eficacia y cumpla con la finalidad para la que fue creado; por ello, no se responsabiliza de posibles disfunciones y\/o anomal\u00edas en su funcionamiento causadas por circunstancias accidentales, fuerza mayor, trabajos de mantenimiento o fallos t\u00e9cnicos que imposibiliten el acceso o la navegaci\u00f3n por el sitio Web.<\/p>\n<p><strong>7.PROTECCI\u00d3N DE DATOS<\/strong><\/p>\n<p>DONO DARE proteger\u00e1 los datos personales de los Usuarios y los utilizar\u00e1 respetando y cumpliendo en todo momento con las obligaciones establecidas en la legislaci\u00f3n vigente de protecci\u00f3n de datos de car\u00e1cter personal. Consulte m\u00e1s informaci\u00f3n al respecto en nuestra&nbsp;<a href=\"\/index.php\/politica-privacidad\" target=\"_blank\" rel=\"noopener\">Pol\u00edtica de privacidad<\/a><\/p>\n<p><strong>8. MODIFICACI\u00d3N DE LAS CONDICIONES DE USO<\/strong><\/p>\n<p>DONO DARE se reserva el derecho de modificar o actualizar las presentes Condiciones de Uso en cualquier momento, as\u00ed como cualquier tipo de informaci\u00f3n que pudiera aparecer en el Sitio Web o en otras p\u00e1ginas Web de titularidad de la entidad. El continuo uso del sitio Web tras una modificaci\u00f3n de las Condiciones de Uso, constituye la aceptaci\u00f3n de las mismas.<\/p>\n<p><strong>9. LEGISLACI\u00d3N APLICABLE Y JURISDICCI\u00d3N<\/strong><\/p>\n<p>Con car\u00e1cter general, las relaciones que se deriven de la prestaci\u00f3n de los servicios contenidos en el sitio Web est\u00e1n sometidas a la legislaci\u00f3n y la jurisdicci\u00f3n espa\u00f1olas y la resoluci\u00f3n de cualquier conflicto que pudiera derivarse del acceso al Portal o relacionado con los contenidos del mismo, se someter\u00e1 a los Juzgados y Tribunales competentes.<\/p>\t\t\t\t\t\t\t\t<\/div>\n\t\t\t\t<\/div>\n\t\t\t\t\t<\/div>\r\n\t\t\t\t<\/div>\r\n\t\t\t\t\t<\/div>\r\n\t\t\t\t<\/section>\r\n\t\t\t\t<\/div>\n\t\t","protected":false},"excerpt":{"rendered":"<p>Aviso Legal 1. DATOS IDENTIFICATIVOS En cumplimiento con el deber de informaci\u00f3n recogido en art\u00edculo 10 de la Ley 34\/2002, de 11 de julio, de Servicios de la Sociedad de la Informaci\u00f3n y del Comercio Electr\u00f3nico, a continuaci\u00f3n se reflejan los siguientes datos: la empresa titular de dominio web es Venta de Soportes Publicitarios S.L.U. [&hellip;]<\/p>\n","protected":false},"author":2,"featured_media":0,"parent":0,"menu_order":0,"comment_status":"open","ping_status":"closed","template":"elementor_header_footer","meta":{"footnotes":""},"class_list":["post-7613","page","type-page","status-publish","hentry"],"_links":{"self":[{"href":"https:\/\/donodare.com\/index.php\/wp-json\/wp\/v2\/pages\/7613","targetHints":{"allow":["GET"]}}],"collection":[{"href":"https:\/\/donodare.com\/index.php\/wp-json\/wp\/v2\/pages"}],"about":[{"href":"https:\/\/donodare.com\/index.php\/wp-json\/wp\/v2\/types\/page"}],"author":[{"embeddable":true,"href":"https:\/\/donodare.com\/index.php\/wp-json\/wp\/v2\/users\/2"}],"replies":[{"embeddable":true,"href":"https:\/\/donodare.com\/index.php\/wp-json\/wp\/v2\/comments?post=7613"}],"version-history":[{"count":13,"href":"https:\/\/donodare.com\/index.php\/wp-json\/wp\/v2\/pages\/7613\/revisions"}],"predecessor-version":[{"id":8236,"href":"https:\/\/donodare.com\/index.php\/wp-json\/wp\/v2\/pages\/7613\/revisions\/8236"}],"wp:attachment":[{"href":"https:\/\/donodare.com\/index.php\/wp-json\/wp\/v2\/media?parent=7613"}],"curies":[{"name":"wp","href":"https:\/\/api.w.org\/{rel}","templated":true}]}}