{"id":7624,"date":"2025-07-31T08:35:47","date_gmt":"2025-07-31T08:35:47","guid":{"rendered":"https:\/\/donodare.com\/?page_id=7624"},"modified":"2025-07-31T09:52:10","modified_gmt":"2025-07-31T09:52:10","slug":"calidad-medioambiente","status":"publish","type":"page","link":"https:\/\/donodare.com\/index.php\/calidad-medioambiente\/","title":{"rendered":"Pol\u00edtica de Calidad y Medio Ambiente"},"content":{"rendered":"\t\t<div data-elementor-type=\"wp-page\" data-elementor-id=\"7624\" class=\"elementor elementor-7624\" data-elementor-post-type=\"page\">\n\t\t\t\t\t\t<section data-particle_enable=\"false\" data-particle-mobile-disabled=\"false\" class=\"elementor-section elementor-top-section elementor-element elementor-element-66782aa elementor-section-content-middle home-trending elementor-section-boxed elementor-section-height-default elementor-section-height-default\" data-id=\"66782aa\" data-element_type=\"section\" data-e-type=\"section\" data-settings=\"{&quot;background_background&quot;:&quot;classic&quot;}\">\r\n\t\t\r\n\t\t\t\t\t\t\t<div class=\"elementor-container elementor-column-gap-default\">\r\n\t\t\t\t\t\t\t\t\t\t\t<div class=\"elementor-column elementor-col-100 elementor-top-column elementor-element elementor-element-3b7ef08\" data-id=\"3b7ef08\" data-element_type=\"column\" data-e-type=\"column\">\r\n\t\t\t\t\t<div class=\"elementor-widget-wrap elementor-element-populated\">\r\n\t\t\t\t\t\t\t\t<div class=\"elementor-element elementor-element-ca54495 elementor-widget elementor-widget-porto_ultimate_heading\" data-id=\"ca54495\" data-element_type=\"widget\" data-e-type=\"widget\" data-widget_type=\"porto_ultimate_heading.default\">\n\t\t\t\t<div class=\"elementor-widget-container\">\n\t\t\t\t\t<div class=\"porto-u-heading  porto-u-bd11424de395366805213f3c847c9ae4\"><div class=\"porto-u-main-heading\"><h2   >Pol\u00edtica de gesti\u00f3n integrada<br>Calidad y Medio Ambiente<\/h2><\/div><style>.porto-u-bd11424de395366805213f3c847c9ae4.porto-u-heading{text-align:center}<\/style><\/div>\t\t\t\t<\/div>\n\t\t\t\t<\/div>\n\t\t\t\t\t<\/div>\r\n\t\t\t\t<\/div>\r\n\t\t\t\t\t<\/div>\r\n\t\t\t\t<\/section>\r\n\t\t\t\t<section data-particle_enable=\"false\" data-particle-mobile-disabled=\"false\" class=\"elementor-section elementor-top-section elementor-element elementor-element-421b05b elementor-section-content-middle home-trending elementor-section-boxed elementor-section-height-default elementor-section-height-default\" data-id=\"421b05b\" data-element_type=\"section\" data-e-type=\"section\" data-settings=\"{&quot;background_background&quot;:&quot;classic&quot;}\">\r\n\t\t\r\n\t\t\t\t\t\t\t<div class=\"elementor-container elementor-column-gap-default\">\r\n\t\t\t\t\t\t\t\t\t\t\t<div class=\"elementor-column elementor-col-100 elementor-top-column elementor-element elementor-element-e161289\" data-id=\"e161289\" data-element_type=\"column\" data-e-type=\"column\">\r\n\t\t\t\t\t<div class=\"elementor-widget-wrap elementor-element-populated\">\r\n\t\t\t\t\t\t\t\t<div class=\"elementor-element elementor-element-6d3ec36 elementor-widget elementor-widget-text-editor\" data-id=\"6d3ec36\" data-element_type=\"widget\" data-e-type=\"widget\" data-widget_type=\"text-editor.default\">\n\t\t\t\t<div class=\"elementor-widget-container\">\n\t\t\t\t\t\t\t\t\t<p style=\"margin-bottom: 30px; line-height: 1.4; font-size: 10pt; color: #555555; font-family: Lato, sans-serif; font-weight: 400; letter-spacing: normal;\">VENTA DE SOPORTES PUBLICITARIOS (DONO DARE\u00ae) enfoca su actividad profesional a la comercializaci\u00f3n de productos promocionales en todos los sectores.<br \/>VENTA DE SOPORTES PUBLICITARIOS (DONO DARE\u00ae) considera y declara como objetivos generales de su gesti\u00f3n los siguientes:<br \/>\u2022 Conseguir la plena satisfacci\u00f3n de sus clientes mediante el cumplimiento de los requisitos contratados en general y de sus necesidades en el \u00e1mbito promocional en particular.<br \/>\u2022 Cumplir la normativa legal aplicable a todas las actividades de la empresa y actuar siempre con criterios \u00e9ticos, incluyendo el cumplimiento de la legislaci\u00f3n vigente y otros requisitos que la organizaci\u00f3n pudiera suscribir, relacionados con los aspectos ambientales identificados.<br \/>\u2022 Conseguir la m\u00e1xima motivaci\u00f3n sobre la Calidad y Medio Ambiente en todo su personal. Asimismo trabajar activamente en la concienciaci\u00f3n y formaci\u00f3n medioambiental de su personal.<br \/>\u2022 Planificar y ejecutar todos nuestros servicios respetando el Medio Ambiente y prevenir la contaminaci\u00f3n.<br \/>\u2022 Mejora de infraestructuras para disponer de recursos materiales e instalaciones modernas que favorezcan la mejora de la prestaci\u00f3n del servicio y la prevenci\u00f3n de la contaminaci\u00f3n.<br \/>\u2022 Ampliaci\u00f3n de los procesos productivos para mejorar el servicio prestado a nuestros clientes.<br \/>\u2022 Mejorar la informaci\u00f3n ambiental de nuestros productos proporcionada a nuestros clientes, para dar a conocer los impactos que se producen en el Medio Ambiente.<br \/>\u2022 Mejorar la informaci\u00f3n disponible de nuestros colaboradores para influir positivamente en la prevenci\u00f3n de la contaminaci\u00f3n.<br \/>\u2022 Influir positivamente en el comportamiento ambiental de nuestros proveedores y subcontratistas.<br \/>\u2022 Mejorar la informaci\u00f3n ambiental a las partes interesadas externas sobre el impacto de nuestros productos.<br \/>\u2022 Minimizar el impacto de los aspectos ambientales significativos generados por la organizaci\u00f3n.<br \/><br \/>Para alcanzar estos objetivos, es pol\u00edtica de VENTA DE SOPORTES PUBLICITARIOS (DONO DARE\u00ae), liderar e impulsar la ejecuci\u00f3n de las siguientes acciones:<br \/>\u2022 Establecer un sistema integrado de Calidad y Medio Ambiente efectivo y eficaz, planeado y desarrollado en conjunto con el resto de funciones de la Gerencia.<br \/>\u2022 Definir sistemas de verificaci\u00f3n continua, basados en resultados y evidencias objetivas, que permitan determinar la adecuaci\u00f3n de los servicios prestados a los requerimientos y compromisos establecidos.<br \/>\u2022 Trabajar en la mejora continua de los procesos establecidos en la organizaci\u00f3n y de la operativa de trabajo definida.<br \/>\u2022 Mantener sistemas para medir la satisfacci\u00f3n de los clientes y usuarios.<br \/>\u2022 Gestionar los aspectos ambientales de la empresa, haciendo seguimiento de aquellos que afecten directamente a los servicios puestos en marcha.<br \/><br \/>La Gerencia de VENTA DE SOPORTES PUBLICITARIOS (DONO DARE\u00ae) asume esta Pol\u00edtica de Calidad y Medio ambiente y sus objetivos generales como marco de referencia para el establecimiento de objetivos espec\u00edficos que se despliegan a trav\u00e9s de la organizaci\u00f3n y sus procesos, comprometi\u00e9ndose asimismo a aportar los recursos necesarios para conseguir el desarrollo de la misma.<br \/><br \/>El sistema de Calidad y Medio Ambiente de VENTA DE SOPORTES PUBLICITARIOS (DONO DARE\u00ae) se fundamenta en los requerimientos de la norma UNE\u2013EN-ISO- 9001: 2015 y norma UNE-EN-ISO- 14001: 2015 respectivamente.<br \/><br \/>Venta de Soportes Publicitarios S.L.U. (DONO DARE\u00ae)<\/p>\t\t\t\t\t\t\t\t<\/div>\n\t\t\t\t<\/div>\n\t\t\t\t\t<\/div>\r\n\t\t\t\t<\/div>\r\n\t\t\t\t\t<\/div>\r\n\t\t\t\t<\/section>\r\n\t\t\t\t<\/div>\n\t\t","protected":false},"excerpt":{"rendered":"<p>Pol\u00edtica de gesti\u00f3n integradaCalidad y Medio Ambiente VENTA DE SOPORTES PUBLICITARIOS (DONO DARE\u00ae) enfoca su actividad profesional a la comercializaci\u00f3n de productos promocionales en todos los sectores.VENTA DE SOPORTES PUBLICITARIOS (DONO DARE\u00ae) considera y declara como objetivos generales de su gesti\u00f3n los siguientes:\u2022 Conseguir la plena satisfacci\u00f3n de sus clientes mediante el cumplimiento de los [&hellip;]<\/p>\n","protected":false},"author":2,"featured_media":0,"parent":0,"menu_order":0,"comment_status":"open","ping_status":"closed","template":"elementor_header_footer","meta":{"footnotes":""},"class_list":["post-7624","page","type-page","status-publish","hentry"],"_links":{"self":[{"href":"https:\/\/donodare.com\/index.php\/wp-json\/wp\/v2\/pages\/7624","targetHints":{"allow":["GET"]}}],"collection":[{"href":"https:\/\/donodare.com\/index.php\/wp-json\/wp\/v2\/pages"}],"about":[{"href":"https:\/\/donodare.com\/index.php\/wp-json\/wp\/v2\/types\/page"}],"author":[{"embeddable":true,"href":"https:\/\/donodare.com\/index.php\/wp-json\/wp\/v2\/users\/2"}],"replies":[{"embeddable":true,"href":"https:\/\/donodare.com\/index.php\/wp-json\/wp\/v2\/comments?post=7624"}],"version-history":[{"count":4,"href":"https:\/\/donodare.com\/index.php\/wp-json\/wp\/v2\/pages\/7624\/revisions"}],"predecessor-version":[{"id":7628,"href":"https:\/\/donodare.com\/index.php\/wp-json\/wp\/v2\/pages\/7624\/revisions\/7628"}],"wp:attachment":[{"href":"https:\/\/donodare.com\/index.php\/wp-json\/wp\/v2\/media?parent=7624"}],"curies":[{"name":"wp","href":"https:\/\/api.w.org\/{rel}","templated":true}]}}