{"id":7634,"date":"2025-07-31T09:43:26","date_gmt":"2025-07-31T09:43:26","guid":{"rendered":"https:\/\/donodare.com\/?page_id=7634"},"modified":"2025-07-31T09:44:32","modified_gmt":"2025-07-31T09:44:32","slug":"cookies","status":"publish","type":"page","link":"https:\/\/donodare.com\/index.php\/cookies\/","title":{"rendered":"Politica de cookies"},"content":{"rendered":"\t\t<div data-elementor-type=\"wp-page\" data-elementor-id=\"7634\" class=\"elementor elementor-7634\" data-elementor-post-type=\"page\">\n\t\t\t\t\t\t<section data-particle_enable=\"false\" data-particle-mobile-disabled=\"false\" class=\"elementor-section elementor-top-section elementor-element elementor-element-66782aa elementor-section-content-middle home-trending elementor-section-boxed elementor-section-height-default elementor-section-height-default\" data-id=\"66782aa\" data-element_type=\"section\" data-e-type=\"section\" data-settings=\"{&quot;background_background&quot;:&quot;classic&quot;}\">\r\n\t\t\r\n\t\t\t\t\t\t\t<div class=\"elementor-container elementor-column-gap-default\">\r\n\t\t\t\t\t\t\t\t\t\t\t<div class=\"elementor-column elementor-col-100 elementor-top-column elementor-element elementor-element-3b7ef08\" data-id=\"3b7ef08\" data-element_type=\"column\" data-e-type=\"column\">\r\n\t\t\t\t\t<div class=\"elementor-widget-wrap elementor-element-populated\">\r\n\t\t\t\t\t\t\t\t<div class=\"elementor-element elementor-element-ca54495 elementor-widget elementor-widget-porto_ultimate_heading\" data-id=\"ca54495\" data-element_type=\"widget\" data-e-type=\"widget\" data-widget_type=\"porto_ultimate_heading.default\">\n\t\t\t\t<div class=\"elementor-widget-container\">\n\t\t\t\t\t<div class=\"porto-u-heading  porto-u-bd11424de395366805213f3c847c9ae4\"><div class=\"porto-u-main-heading\"><h2   >Pol\u00edtica de Cookies<\/h2><\/div><style>.porto-u-bd11424de395366805213f3c847c9ae4.porto-u-heading{text-align:center}<\/style><\/div>\t\t\t\t<\/div>\n\t\t\t\t<\/div>\n\t\t\t\t\t<\/div>\r\n\t\t\t\t<\/div>\r\n\t\t\t\t\t<\/div>\r\n\t\t\t\t<\/section>\r\n\t\t\t\t<section data-particle_enable=\"false\" data-particle-mobile-disabled=\"false\" class=\"elementor-section elementor-top-section elementor-element elementor-element-421b05b elementor-section-content-middle home-trending elementor-section-boxed elementor-section-height-default elementor-section-height-default\" data-id=\"421b05b\" data-element_type=\"section\" data-e-type=\"section\" data-settings=\"{&quot;background_background&quot;:&quot;classic&quot;}\">\r\n\t\t\r\n\t\t\t\t\t\t\t<div class=\"elementor-container elementor-column-gap-default\">\r\n\t\t\t\t\t\t\t\t\t\t\t<div class=\"elementor-column elementor-col-100 elementor-top-column elementor-element elementor-element-13f2ece z-index-2 elementor-invisible\" data-id=\"13f2ece\" data-element_type=\"column\" data-e-type=\"column\" data-settings=\"{&quot;animation&quot;:&quot;fadeIn&quot;,&quot;animation_delay&quot;:1200}\">\r\n\t\t\t\t\t<div class=\"elementor-widget-wrap elementor-element-populated\">\r\n\t\t\t\t\t\t\t\t<div class=\"elementor-element elementor-element-c9231e0 elementor-widget elementor-widget-text-editor\" data-id=\"c9231e0\" data-element_type=\"widget\" data-e-type=\"widget\" data-widget_type=\"text-editor.default\">\n\t\t\t\t<div class=\"elementor-widget-container\">\n\t\t\t\t\t\t\t\t\t<p><strong>COOKIES<\/strong><\/p><p>\u00bfQu\u00e9 son las cookies? Una cookie es un fichero que se descarga en su ordenador al acceder a determinadas p\u00e1ginas web. Las cookies permiten a una p\u00e1gina web, entre otras cosas, almacenar y recuperar informaci\u00f3n sobre los h\u00e1bitos de navegaci\u00f3n de un usuario o de su equipo y, dependiendo de la informaci\u00f3n que contengan y de la forma en que utilice su equipo, pueden utilizarse para reconocer al usuario.<\/p><p>\u00a0<\/p><p><strong>TIPOS DE COOKIES:<\/strong><\/p><p><strong>Seg\u00fan la entidad que las gestiona:<\/strong><\/p><ul><li><u>Cookies propias<\/u>: son aqu\u00e9llas que se env\u00edan al equipo terminal del usuario desde un equipo o dominio gestionado por el propio editor y desde el que se presta el servicio solicitado por el usuario.<\/li><li><u>Cookies de terceros:<\/u>son aquellas que se env\u00edan al equipo terminal del usuario desde un equipo o dominio que no es gestionado por el editor, sino por otra entidad que trata los datos obtenidos a trav\u00e9s de cookies, o cookies instaladas desde un equipo o dominio gestionado por el propio editor, pero la informaci\u00f3n que se recoge es gestionada por un tercero. En este caso se utilizan Cookies de redes sociales externas, que se utilizan para que los visitantes puedan\u00a0interactuar con el contenido de diferentes plataformas sociales (Facebook, YouTube, Twitter, LinkedIn, etc.) y que se generan \u00fanicamente para los usuarios de dichas redes sociales. Las condiciones de utilizaci\u00f3n de estas cookies y la informaci\u00f3n recopilada se regulan por la pol\u00edtica de privacidad de la plataforma social correspondiente.<\/li><\/ul><p>\u00a0<\/p><p><strong>Seg\u00fan la cantidad de tiempo que permanecen activas:<\/strong><\/p><ul><li><u>Cookies permanentes<\/u>: son almacenadas en el disco duro y nuestra P\u00e1gina Web las lee cada vez que usted realiza una nueva visita. Una P\u00e1gina Web permanente posee una fecha de expiraci\u00f3n determinada. La cookie dejar\u00e1 de funcionar despu\u00e9s de esa fecha.<\/li><li><u>Cookies de sesi\u00f3n<\/u>: son cookies temporales que permanecen en el archivo de cookies de su navegador hasta que abandone la P\u00e1gina Web, por lo que ninguna queda registrada en el disco duro del usuario. La informaci\u00f3n obtenida por medio de estas cookies, sirven para analizar pautas de tr\u00e1fico en la P\u00e1gina Web. A la larga, esto nos permite proporcionar una mejor experiencia para mejorar el contenido facilitando su uso.<\/li><\/ul><p>\u00a0<\/p><p><strong>Seg\u00fan su finalidad:<\/strong><\/p><ul><li><u>Cookies\u00a0t\u00e9cnicas<\/u>: Son aqu\u00e9llas que permiten al usuario la navegaci\u00f3n a trav\u00e9s de una p\u00e1gina web, plataforma o aplicaci\u00f3n y la utilizaci\u00f3n de las diferentes opciones o servicios que en ella existan como, por ejemplo, controlar el tr\u00e1fico y la comunicaci\u00f3n de datos, identificar la sesi\u00f3n, acceder a partes de acceso restringido, recordar los elementos que integran un pedido, realizar el proceso de compra de un pedido, realizar la solicitud de inscripci\u00f3n o participaci\u00f3n en un evento, utilizar elementos de seguridad durante la navegaci\u00f3n, almacenar contenidos para la difusi\u00f3n de videos o sonido o compartir contenidos a trav\u00e9s de redes sociales.<\/li><li><u>Cookies de an\u00e1lisis<\/u>: Son aqu\u00e9llas que permiten al responsable de las mismas, el seguimiento y an\u00e1lisis del comportamiento de los usuarios de los sitios web a los que est\u00e1n vinculadas. La informaci\u00f3n recogida mediante este tipo de cookies se utiliza en la medici\u00f3n de la actividad de los sitios web, aplicaci\u00f3n o plataforma y para la elaboraci\u00f3n de perfiles de navegaci\u00f3n de los usuarios de dichos sitios, aplicaciones y plataformas, con el fin de introducir mejoras en funci\u00f3n del an\u00e1lisis de los datos de uso que hacen los usuarios del servicio.<\/li><li><u>Cookies de personalizaci\u00f3n<\/u>: Son aqu\u00e9llas que permiten al usuario acceder al servicio con algunas caracter\u00edsticas de car\u00e1cter general predefinidas en funci\u00f3n de una serie de criterios en el terminal del usuario como por ejemplo serian el idioma, el tipo de navegador a trav\u00e9s del cual accede al servicio, la configuraci\u00f3n regional desde donde accede al servicio, etc.<\/li><li><u>Cookies publicitarias<\/u>: Son aqu\u00e9llas que permiten la gesti\u00f3n, de la forma m\u00e1s eficaz posible, de los espacios publicitarios que, en su caso, el editor haya incluido en una p\u00e1gina web, aplicaci\u00f3n o plataforma desde la que presta el servicio solicitado en base a criterios como el contenido editado o la frecuencia en la que se muestran los anuncios.<\/li><li><u>Cookies de publicidad comportamental<\/u>: Son aqu\u00e9llas que permiten la gesti\u00f3n, de la forma m\u00e1s eficaz posible, de los espacios publicitarios que, en su caso, el editor haya incluido en una p\u00e1gina web, aplicaci\u00f3n o plataforma desde la que presta el servicio solicitado. Estas cookies almacenan informaci\u00f3n del comportamiento de los usuarios obtenida a trav\u00e9s de la observaci\u00f3n continuada de sus h\u00e1bitos de navegaci\u00f3n, lo que permite desarrollar un perfil espec\u00edfico para mostrar publicidad en funci\u00f3n del mismo.<\/li><\/ul><p>\u00a0<\/p><p><strong>Relaci\u00f3n de cookies utilizadas en la p\u00e1gina web:<\/strong><\/p><table width=\"588\"><tbody><tr><td width=\"162\"><strong>Nombre<\/strong><\/td><td width=\"350\"><strong>Finalidad<\/strong><\/td><td width=\"100\"><strong>Duraci\u00f3n<\/strong><\/td><td width=\"162\"><strong>Tipo<\/strong><\/td><\/tr><tr><td>wordpress_logged_in_*<\/td><td>Identifica al usuario conectado despu\u00e9s de iniciar sesi\u00f3n<\/td><td>Sesi\u00f3n<\/td><td>T\u00e9cnica<\/td><\/tr><tr><td>wordpress_sec_*<\/td><td>Medida de seguridad para la sesi\u00f3n del usuario<\/td><td>Sesi\u00f3n<\/td><td>T\u00e9cnica<\/td><\/tr><tr><td>wp-settings-*<\/td><td>Personaliza la vista de la administraci\u00f3n o del sitio<\/td><td>1 a\u00f1o<\/td><td>T\u00e9cnica<\/td><\/tr><tr><td>wp-settings-time-*<\/td><td>Guarda el momento de configuraci\u00f3n del usuario<\/td><td>1 a\u00f1o<\/td><td>T\u00e9cnica<\/td><\/tr><tr><td>cookie_notice_accepted<\/td><td>Almacena la aceptaci\u00f3n del uso de cookies<\/td><td>1 mes<\/td><td>T\u00e9cnica<\/td><\/tr><tr><td>_ga<\/td><td>Distingue a los usuarios para elaborar estad\u00edsticas<\/td><td>2 a\u00f1os<\/td><td>Anal\u00edtica<\/td><\/tr><tr><td>_ga_*<\/td><td>Mantiene el estado de la sesi\u00f3n del usuario<\/td><td>1 a\u00f1o<\/td><td>Anal\u00edtica<\/td><\/tr><tr><td>_gid<\/td><td>Distingue a los usuarios durante 24 horas para estad\u00edsticas<\/td><td>24 horas<\/td><td>Anal\u00edtica<\/td><\/tr><tr><td>_gat<\/td><td>Limita el porcentaje de solicitudes para mejorar el rendimiento<\/td><td>1 minuto<\/td><td>Anal\u00edtica<\/td><\/tr><\/tbody><\/table><p><strong>\u00a0<\/strong><\/p><p><strong>\u00a0<\/strong><\/p><p><strong>CAMBIAR LA CONFIGURACI\u00d3N DE LAS COOKIES \u2013 DESHABILITAR Y BLOQUEAR<\/strong><\/p><p>Informaci\u00f3n sobre la forma de desactivar o eliminar las <em>cookies <\/em>enunciadas a trav\u00e9s de las funcionalidades facilitadas por el editor, las herramientas proporcionadas por el navegador o el terminal o trav\u00e9s de las plataformas comunes que pudieran existir, para esta finalidad, as\u00ed como la forma de revocaci\u00f3n del consentimiento ya prestado.<\/p><p>\u00a0<\/p><p><strong>CAMBIAR LA CONFIGURACI\u00d3N DE LAS COOKIES \u2013 DESHABILITAR Y BLOQUEAR<\/strong><\/p><p><strong>Desactivar Cookies en Navegadores<\/strong><\/p><p>Chrome, desde:<br \/><a href=\"http:\/\/support.google.com\/chrome\/bin\/answer.py?hl=es&amp;answer=95647\">http:\/\/support.google.com\/chrome\/bin\/answer.py?hl=es&amp;answer=95647<\/a><\/p><p>Explorer, desde:<br \/><a href=\"http:\/\/windows.microsoft.com\/es-es\/internet-explorer\/delete-manage-cookies#ie=ie-11\">http:\/\/windows.microsoft.com\/es-es\/internet-explorer\/delete-manage-cookies#ie=ie-11<\/a><\/p><p>Firefox, desde:<br \/><a href=\"http:\/\/support.mozilla.org\/es\/kb\/habilitar-y-deshabilitar-cookies-que-los-sitios-we\">http:\/\/support.mozilla.org\/es\/kb\/habilitar-y-deshabilitar-cookies-que-los-sitios-we<\/a><\/p><p>Safari, desde:<br \/><a href=\"http:\/\/support.apple.com\/kb\/ph5042\">http:\/\/support.apple.com\/kb\/ph5042<\/a><\/p><p>\u00a0<\/p><p>\u00a0<\/p><p><strong><u>\u00a0<\/u><\/strong><\/p><p><strong><u>\u00a0<\/u><\/strong><\/p>\t\t\t\t\t\t\t\t<\/div>\n\t\t\t\t<\/div>\n\t\t\t\t\t<\/div>\r\n\t\t\t\t<\/div>\r\n\t\t\t\t\t<\/div>\r\n\t\t\t\t<\/section>\r\n\t\t\t\t<\/div>\n\t\t","protected":false},"excerpt":{"rendered":"<p>Pol\u00edtica de Cookies COOKIES \u00bfQu\u00e9 son las cookies? Una cookie es un fichero que se descarga en su ordenador al acceder a determinadas p\u00e1ginas web. Las cookies permiten a una p\u00e1gina web, entre otras cosas, almacenar y recuperar informaci\u00f3n sobre los h\u00e1bitos de navegaci\u00f3n de un usuario o de su equipo y, dependiendo de la [&hellip;]<\/p>\n","protected":false},"author":2,"featured_media":0,"parent":0,"menu_order":0,"comment_status":"open","ping_status":"closed","template":"elementor_header_footer","meta":{"footnotes":""},"class_list":["post-7634","page","type-page","status-publish","hentry"],"_links":{"self":[{"href":"https:\/\/donodare.com\/index.php\/wp-json\/wp\/v2\/pages\/7634","targetHints":{"allow":["GET"]}}],"collection":[{"href":"https:\/\/donodare.com\/index.php\/wp-json\/wp\/v2\/pages"}],"about":[{"href":"https:\/\/donodare.com\/index.php\/wp-json\/wp\/v2\/types\/page"}],"author":[{"embeddable":true,"href":"https:\/\/donodare.com\/index.php\/wp-json\/wp\/v2\/users\/2"}],"replies":[{"embeddable":true,"href":"https:\/\/donodare.com\/index.php\/wp-json\/wp\/v2\/comments?post=7634"}],"version-history":[{"count":4,"href":"https:\/\/donodare.com\/index.php\/wp-json\/wp\/v2\/pages\/7634\/revisions"}],"predecessor-version":[{"id":7638,"href":"https:\/\/donodare.com\/index.php\/wp-json\/wp\/v2\/pages\/7634\/revisions\/7638"}],"wp:attachment":[{"href":"https:\/\/donodare.com\/index.php\/wp-json\/wp\/v2\/media?parent=7634"}],"curies":[{"name":"wp","href":"https:\/\/api.w.org\/{rel}","templated":true}]}}